{"id":31249,"date":"2025-09-13T06:43:16","date_gmt":"2025-09-13T06:43:16","guid":{"rendered":"https:\/\/widioo.com\/caixa-para-contentor-ortodontico-com-orificios-de-ventilacao-6-cores-estojo-para-alinhador-por-grosso\/"},"modified":"2025-10-30T03:55:12","modified_gmt":"2025-10-30T03:55:12","slug":"caixa-para-contentor-ortodontico-com-orificios-de-ventilacao-6-cores-estojo-para-alinhador-por-grosso","status":"publish","type":"product","link":"https:\/\/widioo.com\/pt-pt\/caixa-para-contentor-ortodontico-com-orificios-de-ventilacao-6-cores-estojo-para-alinhador-por-grosso\/","title":{"rendered":"Caixa para Contentor Ortod\u00f4ntico com Orif\u00edcios de Ventila\u00e7\u00e3o &#8211; 6 Cores | Estojo para Alinhador por Grosso"},"content":{"rendered":"<p>Procura um fornecedor fi\u00e1vel de caixas para contentores ortod\u00f4nticos de alta qualidade? Especializamo-nos na produ\u00e7\u00e3o em grande escala e personaliza\u00e7\u00e3o, oferecendo pre\u00e7os competitivos, prazos de entrega r\u00e1pidos e qualidade consistente para satisfazer as necessidades de cl\u00ednicas dent\u00e1rias, grossistas e distribuidores promocionais. Os nossos estojos para contentores s\u00e3o concebidos para higiene, durabilidade e portabilidade\u2014perfeitos para revenda ou brindes promocionais.  <\/p>\n<h3>Caracter\u00edsticas da caixa para contentor ortod\u00f4ntico<\/h3>\n<ul class=\"a-unordered-list a-vertical a-spacing-mini\">\n<li data-start=\"850\" data-end=\"954\"><strong>Dur\u00e1vel e Duradoura:<\/strong> Constru\u00edda para suportar m\u00faltiplas viagens, garantindo uma durabilidade fi\u00e1vel ao longo do tempo.<\/li>\n<li data-start=\"850\" data-end=\"954\"><strong>Compacta e Adequada para Viagens:<\/strong> O tamanho compacto torna-a ideal para viagens, com espa\u00e7o suficiente para guardar contentores, incluindo contentores superiores.<\/li>\n<li data-start=\"850\" data-end=\"954\"><strong>Compatibilidade Vers\u00e1til:<\/strong> Adapta-se perfeitamente a v\u00e1rios tipos de protetores bucais, incluindo contentores, protetores noturnos, protetores bucais para futebol e protetores bucais para basquetebol.<\/li>\n<\/ul>\n<h3 data-start=\"69\" data-end=\"96\">Servi\u00e7os opcionais<\/h3>\n<p data-start=\"98\" data-end=\"192\">Procura algo \u00fanico?<br data-start=\"127\" data-end=\"130\">Oferecemos servi\u00e7os de personaliza\u00e7\u00e3o para o ajudar a destacar-se:<\/p>\n<ul data-start=\"194\" data-end=\"568\">\n<li data-start=\"194\" data-end=\"381\">\n<p data-start=\"196\" data-end=\"381\"><strong data-start=\"196\" data-end=\"218\">Personaliza\u00e7\u00e3o do log\u00f3tipo<\/strong> \u2013 Podemos imprimir o log\u00f3tipo da sua empresa na caixa do contentor para refor\u00e7ar a identidade da sua marca.<br data-start=\"303\" data-end=\"306\">\u2022 <strong data-start=\"310\" data-end=\"327\">Encomenda m\u00ednima<\/strong>: 100 unidades<br data-start=\"336\" data-end=\"339\">\u2022 <strong data-start=\"343\" data-end=\"357\">Custo adicional<\/strong>: +0,074 USD por unidade<\/p>\n<\/li>\n<li data-start=\"383\" data-end=\"568\">\n<p data-start=\"385\" data-end=\"568\"><strong data-start=\"385\" data-end=\"408\">Personaliza\u00e7\u00e3o de cor<\/strong> \u2013 Selecione entre uma vasta gama de cores existentes ou solicite uma cor especial para corresponder ao tema da sua marca.<br data-start=\"508\" data-end=\"511\">\u2022 <strong data-start=\"515\" data-end=\"532\">Encomenda m\u00ednima<\/strong>: 5000 unidades<br data-start=\"542\" data-end=\"545\">\u2022 <strong data-start=\"549\" data-end=\"566\">Sem custo adicional<\/strong><\/p>\n<\/li>\n<\/ul>\n<p data-start=\"570\" data-end=\"781\">Desde cl\u00ednicas dent\u00e1rias a lojas de retalho e eventos promocionais, as nossas op\u00e7\u00f5es de personaliza\u00e7\u00e3o ajudam a elevar a sua marca e a criar uma impress\u00e3o premium. Entre em contacto connosco hoje para explorar a personaliza\u00e7\u00e3o de log\u00f3tipo ou cor e tornar as suas caixas para contentores \u00fanicas. <\/p>\n","protected":false},"excerpt":{"rendered":"<p>Esta caixa para contentor ortod\u00f4ntico \u00e9 feita de pl\u00e1stico PP (Polipropileno), apresentando uma integridade dur\u00e1vel e leve.<\/p>\n<ul>\n<li>Tamanho: 80\u00d785\u00d730 mm, perfeita para armazenar contentores e protetores noturnos.<\/li>\n<li>MOQ: 100 unidades \u2013 encomendas de teste r\u00e1pidas dispon\u00edveis para minimizar o risco de invent\u00e1rio.<\/li>\n<li>Servi\u00e7os opcionais: Impress\u00e3o de logotipo e personaliza\u00e7\u00e3o de cor para necessidades personalizadas.<\/li>\n<\/ul>\n<p>Explore mais s\u00e9ries de caixas para contentores ortod\u00f4nticos \u2013 clique para conhecer os detalhes de venda por grosso e aproveite at\u00e9 15% de desconto!<\/p>\n","protected":false},"featured_media":31250,"comment_status":"open","ping_status":"closed","template":"","meta":[],"product_brand":[],"product_cat":[508],"product_tag":[],"class_list":{"0":"post-31249","1":"product","2":"type-product","3":"status-publish","4":"has-post-thumbnail","6":"product_cat-caixas-para-contentores-ortodonticos","8":"first","9":"instock","10":"taxable","11":"shipping-taxable","12":"purchasable","13":"product-type-variable"},"_links":{"self":[{"href":"https:\/\/widioo.com\/pt-pt\/wp-json\/wp\/v2\/product\/31249","targetHints":{"allow":["GET"]}}],"collection":[{"href":"https:\/\/widioo.com\/pt-pt\/wp-json\/wp\/v2\/product"}],"about":[{"href":"https:\/\/widioo.com\/pt-pt\/wp-json\/wp\/v2\/types\/product"}],"replies":[{"embeddable":true,"href":"https:\/\/widioo.com\/pt-pt\/wp-json\/wp\/v2\/comments?post=31249"}],"version-history":[{"count":1,"href":"https:\/\/widioo.com\/pt-pt\/wp-json\/wp\/v2\/product\/31249\/revisions"}],"predecessor-version":[{"id":31918,"href":"https:\/\/widioo.com\/pt-pt\/wp-json\/wp\/v2\/product\/31249\/revisions\/31918"}],"wp:featuredmedia":[{"embeddable":true,"href":"https:\/\/widioo.com\/pt-pt\/wp-json\/wp\/v2\/media\/31250"}],"wp:attachment":[{"href":"https:\/\/widioo.com\/pt-pt\/wp-json\/wp\/v2\/media?parent=31249"}],"wp:term":[{"taxonomy":"product_brand","embeddable":true,"href":"https:\/\/widioo.com\/pt-pt\/wp-json\/wp\/v2\/product_brand?post=31249"},{"taxonomy":"product_cat","embeddable":true,"href":"https:\/\/widioo.com\/pt-pt\/wp-json\/wp\/v2\/product_cat?post=31249"},{"taxonomy":"product_tag","embeddable":true,"href":"https:\/\/widioo.com\/pt-pt\/wp-json\/wp\/v2\/product_tag?post=31249"}],"curies":[{"name":"wp","href":"https:\/\/api.w.org\/{rel}","templated":true}]}}