{"id":31185,"date":"2025-09-12T08:10:02","date_gmt":"2025-09-12T08:10:02","guid":{"rendered":"https:\/\/widioo.com\/caixa-para-aparelho-dentario-com-orificios-de-ventilacao-12-cores-caixa-dentaria-para-aparelho-em-quantidade\/"},"modified":"2025-10-30T03:55:10","modified_gmt":"2025-10-30T03:55:10","slug":"caixa-para-aparelho-dentario-com-orificios-de-ventilacao-12-cores-caixa-dentaria-para-aparelho-em-quantidade","status":"publish","type":"product","link":"https:\/\/widioo.com\/pt-pt\/caixa-para-aparelho-dentario-com-orificios-de-ventilacao-12-cores-caixa-dentaria-para-aparelho-em-quantidade\/","title":{"rendered":"Caixa para Aparelho Dent\u00e1rio com Orif\u00edcios de Ventila\u00e7\u00e3o &#8211; 12 Cores | Caixa Dent\u00e1ria para Aparelho em Quantidade"},"content":{"rendered":"<p>Esta caixa para aparelho dent\u00e1rio pode manter o seu dispositivo dent\u00e1rio limpo e conveniente para armazenamento durante atividades ou viagens.<\/p>\n<h3>Caracter\u00edsticas da Caixa para Aparelho<\/h3>\n<ul class=\"a-unordered-list a-vertical a-spacing-mini\">\n<li data-start=\"850\" data-end=\"954\"><strong>Fecho Seguro e F\u00e1cil de Usar:<\/strong> Apresenta um mecanismo de fecho que fecha de forma segura e abre facilmente para conveni\u00eancia do utilizador.<\/li>\n<li data-start=\"850\" data-end=\"954\">\n<p data-start=\"852\" data-end=\"954\"><strong data-start=\"852\" data-end=\"874\">Design Respir\u00e1vel:<\/strong> Orif\u00edcios de ventila\u00e7\u00e3o na parte superior e inferior ajudam o seu aparelho a secar mais rapidamente e a manter-se fresco.<\/p>\n<\/li>\n<li data-start=\"955\" data-end=\"1060\">\n<p data-start=\"957\" data-end=\"1060\"><strong data-start=\"957\" data-end=\"984\">Leve e Port\u00e1til:<\/strong> Design fino e leve que cabe facilmente na sua mala sem ocupar espa\u00e7o.<\/p>\n<\/li>\n<li data-start=\"1061\" data-end=\"1188\">\n<p data-start=\"1063\" data-end=\"1188\"><strong data-start=\"1063\" data-end=\"1081\">F\u00e1cil de Limpar:<\/strong> O fecho seguro mant\u00e9m-na bem fechada, e toda a caixa pode ser lavada na m\u00e1quina de lavar lou\u00e7a para uma limpeza sem complica\u00e7\u00f5es.<\/p>\n<\/li>\n<\/ul>\n<h3 data-start=\"69\" data-end=\"96\">Servi\u00e7os opcionais<\/h3>\n<p data-start=\"98\" data-end=\"192\">Procura algo \u00fanico?<br data-start=\"127\" data-end=\"130\">Oferecemos servi\u00e7os de personaliza\u00e7\u00e3o para o ajudar a destacar-se:<\/p>\n<ul data-start=\"194\" data-end=\"568\">\n<li data-start=\"194\" data-end=\"381\">\n<p data-start=\"196\" data-end=\"381\"><strong data-start=\"196\" data-end=\"218\">Personaliza\u00e7\u00e3o de log\u00f3tipo<\/strong> \u2013 Podemos imprimir o log\u00f3tipo da sua empresa na caixa dent\u00e1ria para aparelho para refor\u00e7ar a sua identidade de marca.<br data-start=\"303\" data-end=\"306\">\u2022 <strong data-start=\"310\" data-end=\"327\">Encomenda m\u00ednima<\/strong>: 100 unidades<br data-start=\"336\" data-end=\"339\">\u2022 <strong data-start=\"343\" data-end=\"357\">Custo adicional<\/strong>: +0,074 USD por unidade<\/p>\n<\/li>\n<li data-start=\"383\" data-end=\"568\">\n<p data-start=\"385\" data-end=\"568\"><strong data-start=\"385\" data-end=\"408\">Personaliza\u00e7\u00e3o de cor<\/strong> \u2013 Selecione entre uma ampla gama de cores existentes ou solicite uma cor especial para corresponder ao tema da sua marca.<br data-start=\"508\" data-end=\"511\">\u2022 <strong data-start=\"515\" data-end=\"532\">Pedido m\u00ednimo<\/strong>: 5000 unidades<br data-start=\"542\" data-end=\"545\">\u2022 <strong data-start=\"549\" data-end=\"566\">Sem custo adicional<\/strong><\/p>\n<\/li>\n<\/ul>\n<p data-start=\"570\" data-end=\"781\">Quer esteja a encomendar para a sua cl\u00ednica dent\u00e1ria, loja de retalho ou necessidades promocionais, o nosso servi\u00e7o personalizado faz com que as suas caixas para aparelho tenham um aspeto premium e personalizado. Contacte-nos para discutir as suas necessidades de personaliza\u00e7\u00e3o. <\/p>\n","protected":false},"excerpt":{"rendered":"<p>Esta caixa para aparelho \u00e9 feita de pl\u00e1stico PP (Polipropileno), apresentando integridade dur\u00e1vel e leve.<\/p>\n<ul>\n<li>Tamanho: 80\u00d780\u00d730 mm, perfeito para armazenar retentores e protetores noturnos.<\/li>\n<li>MOQ: 100 unidades \u2013 encomendas de teste r\u00e1pidas dispon\u00edveis para minimizar o risco de invent\u00e1rio.<\/li>\n<li>Servi\u00e7os opcionais: Impress\u00e3o de logotipo e personaliza\u00e7\u00e3o de cor para necessidades personalizadas.<\/li>\n<\/ul>\n<p>Explore mais s\u00e9ries de caixas para aparelho \u2013 clique para conhecer os detalhes de venda por grosso e desfrute de at\u00e9 15% de desconto!<\/p>\n","protected":false},"featured_media":31186,"comment_status":"open","ping_status":"closed","template":"","meta":[],"product_brand":[],"product_cat":[508],"product_tag":[],"class_list":{"0":"post-31185","1":"product","2":"type-product","3":"status-publish","4":"has-post-thumbnail","6":"product_cat-caixas-para-contentores-ortodonticos","8":"first","9":"instock","10":"taxable","11":"shipping-taxable","12":"purchasable","13":"product-type-variable"},"_links":{"self":[{"href":"https:\/\/widioo.com\/pt-pt\/wp-json\/wp\/v2\/product\/31185","targetHints":{"allow":["GET"]}}],"collection":[{"href":"https:\/\/widioo.com\/pt-pt\/wp-json\/wp\/v2\/product"}],"about":[{"href":"https:\/\/widioo.com\/pt-pt\/wp-json\/wp\/v2\/types\/product"}],"replies":[{"embeddable":true,"href":"https:\/\/widioo.com\/pt-pt\/wp-json\/wp\/v2\/comments?post=31185"}],"version-history":[{"count":1,"href":"https:\/\/widioo.com\/pt-pt\/wp-json\/wp\/v2\/product\/31185\/revisions"}],"predecessor-version":[{"id":31916,"href":"https:\/\/widioo.com\/pt-pt\/wp-json\/wp\/v2\/product\/31185\/revisions\/31916"}],"wp:featuredmedia":[{"embeddable":true,"href":"https:\/\/widioo.com\/pt-pt\/wp-json\/wp\/v2\/media\/31186"}],"wp:attachment":[{"href":"https:\/\/widioo.com\/pt-pt\/wp-json\/wp\/v2\/media?parent=31185"}],"wp:term":[{"taxonomy":"product_brand","embeddable":true,"href":"https:\/\/widioo.com\/pt-pt\/wp-json\/wp\/v2\/product_brand?post=31185"},{"taxonomy":"product_cat","embeddable":true,"href":"https:\/\/widioo.com\/pt-pt\/wp-json\/wp\/v2\/product_cat?post=31185"},{"taxonomy":"product_tag","embeddable":true,"href":"https:\/\/widioo.com\/pt-pt\/wp-json\/wp\/v2\/product_tag?post=31185"}],"curies":[{"name":"wp","href":"https:\/\/api.w.org\/{rel}","templated":true}]}}