{"id":30990,"date":"2025-09-13T07:23:24","date_gmt":"2025-09-13T07:23:24","guid":{"rendered":"https:\/\/widioo.com\/suporte-para-aparelho-ortodontico-acabamento-fosco-7-cores-suporte-para-aparelho-ortodontico-com-precos-de-distribuidor\/"},"modified":"2025-10-30T03:54:48","modified_gmt":"2025-10-30T03:54:48","slug":"suporte-para-aparelho-ortodontico-acabamento-fosco-7-cores-suporte-para-aparelho-ortodontico-com-precos-de-distribuidor","status":"publish","type":"product","link":"https:\/\/widioo.com\/pt-pt\/suporte-para-aparelho-ortodontico-acabamento-fosco-7-cores-suporte-para-aparelho-ortodontico-com-precos-de-distribuidor\/","title":{"rendered":"Suporte para Aparelho Ortod\u00f4ntico &#8211; Acabamento Fosco, 7 Cores | Suporte para Aparelho Ortod\u00f4ntico com Pre\u00e7os de Distribuidor"},"content":{"rendered":"<p>Melhore a sua solu\u00e7\u00e3o de armazenamento com o nosso suporte para aparelho ortod\u00f4ntico em PP semitransparente, com uma superf\u00edcie mate refinada. Concebidas para consult\u00f3rios dent\u00e1rios, retalhistas e fornecedores promocionais, estas caixas combinam higiene, estilo e praticidade para proteger aparelhos ortod\u00f4nticos, goteiras noturnas e protetores bucais desportivos durante a utiliza\u00e7\u00e3o di\u00e1ria ou em viagens. <\/p>\n<h3>Caracter\u00edsticas do suporte para aparelho ortod\u00f4ntico<\/h3>\n<ul class=\"a-unordered-list a-vertical a-spacing-mini\">\n<li data-start=\"572\" data-end=\"691\">\n<p data-start=\"574\" data-end=\"691\"><strong data-start=\"574\" data-end=\"597\">Material PP Premium<\/strong> \u2013 O polipropileno leve, mas resistente ao impacto, mant\u00e9m os aparelhos dent\u00e1rios seguros e higi\u00e9nicos.<\/p>\n<\/li>\n<li data-start=\"692\" data-end=\"818\">\n<p data-start=\"694\" data-end=\"818\"><strong data-start=\"694\" data-end=\"718\">Acabamento Mate Elegante<\/strong> \u2013 A superf\u00edcie suave ao toque e antiderrapante resiste a riscos e impress\u00f5es digitais, criando uma sensa\u00e7\u00e3o de alta qualidade.<\/p>\n<\/li>\n<li data-start=\"819\" data-end=\"952\">\n<p data-start=\"821\" data-end=\"952\"><strong data-start=\"821\" data-end=\"848\">Design Semitransparente<\/strong> \u2013 Permite uma r\u00e1pida visibilidade do conte\u00fado sem o expor totalmente, adicionando conveni\u00eancia e estilo.<\/p>\n<\/li>\n<li data-start=\"953\" data-end=\"1076\">\n<p data-start=\"955\" data-end=\"1076\"><strong data-start=\"955\" data-end=\"979\">Compacto, mas Espa\u00e7oso<\/strong> \u2013 O perfil fino cabe facilmente em malas ou kits, mantendo os aparelhos ortod\u00f4nticos superiores e inferiores em seguran\u00e7a.<\/p>\n<\/li>\n<li data-start=\"1077\" data-end=\"1185\">\n<p data-start=\"1079\" data-end=\"1185\"><strong data-start=\"1079\" data-end=\"1099\">Ampla Aplica\u00e7\u00e3o<\/strong> \u2013 Ideal para aparelhos ortod\u00f4nticos, alinhadores, goteiras noturnas e protetores bucais desportivos.<\/p>\n<\/li>\n<\/ul>\n<h3 data-start=\"69\" data-end=\"96\">Servi\u00e7os opcionais<\/h3>\n<p data-start=\"98\" data-end=\"192\">Procura algo \u00fanico?<br data-start=\"127\" data-end=\"130\">Oferecemos servi\u00e7os de personaliza\u00e7\u00e3o para o ajudar a destacar-se:<\/p>\n<ul data-start=\"194\" data-end=\"568\">\n<li data-start=\"194\" data-end=\"381\">\n<p data-start=\"196\" data-end=\"381\"><strong data-start=\"196\" data-end=\"218\">Personaliza\u00e7\u00e3o do log\u00f3tipo<\/strong> \u2013 Podemos imprimir o log\u00f3tipo da sua empresa no estojo do aparelho ortod\u00f4ntico para impulsionar a identidade da sua marca.<br data-start=\"303\" data-end=\"306\">\u2022 <strong data-start=\"310\" data-end=\"327\">Pedido m\u00ednimo<\/strong>: 100 unidades<br data-start=\"336\" data-end=\"339\">\u2022 <strong data-start=\"343\" data-end=\"357\">Custo extra<\/strong>: +0,074 USD por unidade<\/p>\n<\/li>\n<li data-start=\"383\" data-end=\"568\">\n<p data-start=\"385\" data-end=\"568\"><strong data-start=\"385\" data-end=\"408\">Personaliza\u00e7\u00e3o de cor<\/strong> \u2013 Selecione de uma ampla gama de cores existentes ou solicite uma cor especial para combinar com o tema da sua marca.<br data-start=\"508\" data-end=\"511\">\u2022 <strong data-start=\"515\" data-end=\"532\">Pedido m\u00ednimo<\/strong>: 5000 unidades<br data-start=\"542\" data-end=\"545\">\u2022 <strong data-start=\"549\" data-end=\"566\">Sem custo adicional<\/strong><\/p>\n<\/li>\n<\/ul>\n<p data-start=\"570\" data-end=\"781\">Desde consult\u00f3rios dent\u00e1rios a lojas de retalho e eventos promocionais, as nossas op\u00e7\u00f5es de personaliza\u00e7\u00e3o ajudam a elevar a sua marca e a criar uma impress\u00e3o de alta qualidade. Entre em contacto connosco hoje mesmo para explorar a personaliza\u00e7\u00e3o do log\u00f3tipo ou da cor e tornar o seu estojo de aparelho ortod\u00f4ntico exclusivamente seu. <\/p>\n","protected":false},"excerpt":{"rendered":"<p>Este suporte para aparelho ortod\u00f4ntico \u00e9 feito de pl\u00e1stico PP (Polipropileno), apresentando leveza e integridade de qualidade alimentar.<\/p>\n<ul>\n<li>Tamanho: 80\u00d780\u00d730 mm, perfeito para armazenar retentores e protetores noturnos.<\/li>\n<li>MOQ: 100 unidades \u2013 encomendas de teste r\u00e1pidas dispon\u00edveis para minimizar o risco de invent\u00e1rio.<\/li>\n<li>Servi\u00e7os opcionais: Impress\u00e3o de logotipo e personaliza\u00e7\u00e3o de cor para necessidades personalizadas.<\/li>\n<\/ul>\n<p>Explore mais s\u00e9ries de suportes para aparelhos ortod\u00f4nticos \u2013 clique para saber detalhes de venda por grosso e desfrute de at\u00e9 15% de desconto!<\/p>\n","protected":false},"featured_media":30991,"comment_status":"open","ping_status":"closed","template":"","meta":[],"product_brand":[],"product_cat":[508],"product_tag":[],"class_list":{"0":"post-30990","1":"product","2":"type-product","3":"status-publish","4":"has-post-thumbnail","6":"product_cat-caixas-para-contentores-ortodonticos","8":"first","9":"instock","10":"taxable","11":"shipping-taxable","12":"purchasable","13":"product-type-variable"},"_links":{"self":[{"href":"https:\/\/widioo.com\/pt-pt\/wp-json\/wp\/v2\/product\/30990","targetHints":{"allow":["GET"]}}],"collection":[{"href":"https:\/\/widioo.com\/pt-pt\/wp-json\/wp\/v2\/product"}],"about":[{"href":"https:\/\/widioo.com\/pt-pt\/wp-json\/wp\/v2\/types\/product"}],"replies":[{"embeddable":true,"href":"https:\/\/widioo.com\/pt-pt\/wp-json\/wp\/v2\/comments?post=30990"}],"version-history":[{"count":1,"href":"https:\/\/widioo.com\/pt-pt\/wp-json\/wp\/v2\/product\/30990\/revisions"}],"predecessor-version":[{"id":31904,"href":"https:\/\/widioo.com\/pt-pt\/wp-json\/wp\/v2\/product\/30990\/revisions\/31904"}],"wp:featuredmedia":[{"embeddable":true,"href":"https:\/\/widioo.com\/pt-pt\/wp-json\/wp\/v2\/media\/30991"}],"wp:attachment":[{"href":"https:\/\/widioo.com\/pt-pt\/wp-json\/wp\/v2\/media?parent=30990"}],"wp:term":[{"taxonomy":"product_brand","embeddable":true,"href":"https:\/\/widioo.com\/pt-pt\/wp-json\/wp\/v2\/product_brand?post=30990"},{"taxonomy":"product_cat","embeddable":true,"href":"https:\/\/widioo.com\/pt-pt\/wp-json\/wp\/v2\/product_cat?post=30990"},{"taxonomy":"product_tag","embeddable":true,"href":"https:\/\/widioo.com\/pt-pt\/wp-json\/wp\/v2\/product_tag?post=30990"}],"curies":[{"name":"wp","href":"https:\/\/api.w.org\/{rel}","templated":true}]}}