{"id":30910,"date":"2025-09-13T11:59:30","date_gmt":"2025-09-13T11:59:30","guid":{"rendered":"https:\/\/widioo.com\/copo-para-protese-dentaria-com-tampa-e-bandeja-de-drenagem-4-cores-estojo-para-dentes-posticos-em-pequenos-lotes\/"},"modified":"2025-10-30T03:55:13","modified_gmt":"2025-10-30T03:55:13","slug":"copo-para-protese-dentaria-com-tampa-e-bandeja-de-drenagem-4-cores-estojo-para-dentes-posticos-em-pequenos-lotes","status":"publish","type":"product","link":"https:\/\/widioo.com\/pt-pt\/copo-para-protese-dentaria-com-tampa-e-bandeja-de-drenagem-4-cores-estojo-para-dentes-posticos-em-pequenos-lotes\/","title":{"rendered":"Copo para Pr\u00f3tese Dent\u00e1ria com Tampa e Bandeja de Drenagem &#8211; 4 Cores | Estojo para Dentes Posti\u00e7os em Pequenos Lotes"},"content":{"rendered":"<p>O nosso copo premium para pr\u00f3tese dent\u00e1ria ajuda a manter um elevado n\u00edvel de higiene da pr\u00f3tese, proporcionando um espa\u00e7o de armazenamento limpo para as suas pr\u00f3teses ou dentes posti\u00e7os, retentores, ou protetores bucais desportivos ou atl\u00e9ticos. O nosso resistente estojo para pr\u00f3teses tamb\u00e9m torna conveniente transportar pr\u00f3teses para qualquer lugar e previne danos acidentais no manuseamento. <\/p>\n<h3>Caracter\u00edsticas do copo para pr\u00f3tese dent\u00e1ria<\/h3>\n<ul class=\"a-unordered-list a-vertical a-spacing-mini\">\n<li data-start=\"850\" data-end=\"954\"><strong>Constru\u00e7\u00e3o em PP Resistente ao Impacto:<\/strong> Feito de polipropileno premium para resist\u00eancia inquebr\u00e1vel e portabilidade leve.<\/li>\n<li data-start=\"850\" data-end=\"954\"><strong>Cesto de Drenagem Integrado:<\/strong> O cesto interior remov\u00edvel permite que o excesso de \u00e1gua escorra ap\u00f3s a limpeza, promovendo a circula\u00e7\u00e3o de ar para manter as pr\u00f3teses sem odores e resistentes ao bolor.<\/li>\n<\/ul>\n<h3 data-start=\"69\" data-end=\"96\">Servi\u00e7os opcionais<\/h3>\n<p data-start=\"98\" data-end=\"192\">Procura algo \u00fanico?<br data-start=\"127\" data-end=\"130\">Oferecemos servi\u00e7os de personaliza\u00e7\u00e3o para o ajudar a destacar-se:<\/p>\n<ul data-start=\"194\" data-end=\"568\">\n<li data-start=\"194\" data-end=\"381\">\n<p data-start=\"196\" data-end=\"381\"><strong data-start=\"196\" data-end=\"218\">Personaliza\u00e7\u00e3o do log\u00f3tipo<\/strong> \u2013 Podemos imprimir o log\u00f3tipo da sua empresa no estojo para dentes posti\u00e7os para refor\u00e7ar a identidade da sua marca.<br data-start=\"303\" data-end=\"306\">\u2022 <strong data-start=\"310\" data-end=\"327\">Encomenda m\u00ednima<\/strong>: 100 unidades<br data-start=\"336\" data-end=\"339\">\u2022 <strong data-start=\"343\" data-end=\"357\">Custo adicional<\/strong>: +0,074 USD por pe\u00e7a<\/p>\n<\/li>\n<li data-start=\"383\" data-end=\"568\">\n<p data-start=\"385\" data-end=\"568\"><strong data-start=\"385\" data-end=\"408\">Personaliza\u00e7\u00e3o de cor<\/strong> \u2013 Selecione de uma ampla gama de cores existentes ou solicite uma cor especial para combinar com o tema da sua marca.<br data-start=\"508\" data-end=\"511\">\u2022 <strong data-start=\"515\" data-end=\"532\">Pedido m\u00ednimo<\/strong>: 5000 unidades<br data-start=\"542\" data-end=\"545\">\u2022 <strong data-start=\"549\" data-end=\"566\">Sem custo adicional<\/strong><\/p>\n<\/li>\n<\/ul>\n<p data-start=\"570\" data-end=\"781\">Desde consult\u00f3rios dent\u00e1rios a lojas de retalho e eventos promocionais, as nossas op\u00e7\u00f5es de personaliza\u00e7\u00e3o ajudam a elevar a sua marca e a criar uma impress\u00e3o premium. Entre em contacto connosco hoje para explorar a personaliza\u00e7\u00e3o de log\u00f3tipo ou cor e tornar a sua caixa de dentaduras \u00fanica. <\/p>\n","protected":false},"excerpt":{"rendered":"<p>Este copo para pr\u00f3tese dent\u00e1ria \u00e9 feito de pl\u00e1stico PP (Polipropileno), apresentando propriedades dur\u00e1veis e resistentes a produtos qu\u00edmicos.<\/p>\n<ul>\n<li>Tamanho: 85\u00d780\u00d780 mm, perfeito para armazenar dentes posti\u00e7os.<\/li>\n<li>MOQ: 100 unidades \u2013 encomendas de teste r\u00e1pidas dispon\u00edveis para minimizar o risco de invent\u00e1rio.<\/li>\n<li>Servi\u00e7os opcionais: Impress\u00e3o de logotipo e personaliza\u00e7\u00e3o de cor para necessidades personalizadas.<\/li>\n<\/ul>\n<p>Explore mais s\u00e9ries de copos para pr\u00f3tese dent\u00e1ria \u2013 clique para conhecer os detalhes de venda por grosso e desfrutar de at\u00e9 15% de desconto!<\/p>\n","protected":false},"featured_media":30911,"comment_status":"open","ping_status":"closed","template":"","meta":[],"product_brand":[],"product_cat":[503],"product_tag":[],"class_list":{"0":"post-30910","1":"product","2":"type-product","3":"status-publish","4":"has-post-thumbnail","6":"product_cat-caixas-para-dentaduras","8":"first","9":"instock","10":"taxable","11":"shipping-taxable","12":"purchasable","13":"product-type-variable"},"_links":{"self":[{"href":"https:\/\/widioo.com\/pt-pt\/wp-json\/wp\/v2\/product\/30910","targetHints":{"allow":["GET"]}}],"collection":[{"href":"https:\/\/widioo.com\/pt-pt\/wp-json\/wp\/v2\/product"}],"about":[{"href":"https:\/\/widioo.com\/pt-pt\/wp-json\/wp\/v2\/types\/product"}],"replies":[{"embeddable":true,"href":"https:\/\/widioo.com\/pt-pt\/wp-json\/wp\/v2\/comments?post=30910"}],"version-history":[{"count":1,"href":"https:\/\/widioo.com\/pt-pt\/wp-json\/wp\/v2\/product\/30910\/revisions"}],"predecessor-version":[{"id":31914,"href":"https:\/\/widioo.com\/pt-pt\/wp-json\/wp\/v2\/product\/30910\/revisions\/31914"}],"wp:featuredmedia":[{"embeddable":true,"href":"https:\/\/widioo.com\/pt-pt\/wp-json\/wp\/v2\/media\/30911"}],"wp:attachment":[{"href":"https:\/\/widioo.com\/pt-pt\/wp-json\/wp\/v2\/media?parent=30910"}],"wp:term":[{"taxonomy":"product_brand","embeddable":true,"href":"https:\/\/widioo.com\/pt-pt\/wp-json\/wp\/v2\/product_brand?post=30910"},{"taxonomy":"product_cat","embeddable":true,"href":"https:\/\/widioo.com\/pt-pt\/wp-json\/wp\/v2\/product_cat?post=30910"},{"taxonomy":"product_tag","embeddable":true,"href":"https:\/\/widioo.com\/pt-pt\/wp-json\/wp\/v2\/product_tag?post=30910"}],"curies":[{"name":"wp","href":"https:\/\/api.w.org\/{rel}","templated":true}]}}