{"id":30886,"date":"2025-09-13T08:16:03","date_gmt":"2025-09-13T08:16:03","guid":{"rendered":"https:\/\/widioo.com\/caixa-para-protese-dentaria-6-cores-recipiente-para-dentes-posticos-em-quantidade\/"},"modified":"2025-10-30T03:55:20","modified_gmt":"2025-10-30T03:55:20","slug":"caixa-para-protese-dentaria-6-cores-recipiente-para-dentes-posticos-em-quantidade","status":"publish","type":"product","link":"https:\/\/widioo.com\/pt-pt\/caixa-para-protese-dentaria-6-cores-recipiente-para-dentes-posticos-em-quantidade\/","title":{"rendered":"Caixa para Pr\u00f3tese Dent\u00e1ria &#8211; 6 Cores | Recipiente para Dentes Posti\u00e7os em Quantidade"},"content":{"rendered":"<p dir=\"auto\">Procura um parceiro de confian\u00e7a para solu\u00e7\u00f5es de armazenamento de pr\u00f3teses dent\u00e1rias em quantidade? Destacamo-nos na produ\u00e7\u00e3o em grande volume e personaliza\u00e7\u00e3o \u00e0 medida, oferecendo valor imbat\u00edvel, prazos de entrega r\u00e1pidos e qualidade inabal\u00e1vel para capacitar grossistas, fornecedores dent\u00e1rios e redes de distribui\u00e7\u00e3o. As nossas caixas para pr\u00f3teses em PP s\u00e3o projetadas para higiene superior, resist\u00eancia robusta e conveni\u00eancia di\u00e1ria\u2014ideais para revenda, marca pr\u00f3pria ou distribui\u00e7\u00e3o em quantidade para cl\u00ednicas e retalhistas.  <\/p>\n<h3>Caracter\u00edsticas da Caixa para Pr\u00f3tese<\/h3>\n<ul class=\"a-unordered-list a-vertical a-spacing-mini\">\n<li><strong>Constru\u00e7\u00e3o Robusta em PP<\/strong>: Fabricada com material de polipropileno (PP) de alta qualidade para uma durabilidade excecional, resistindo a fissuras e desgaste mesmo com uso frequente\u2014garantindo fiabilidade a longo prazo para o seu invent\u00e1rio grossista.<\/li>\n<li><strong>Higi\u00e9nica e F\u00e1cil de Limpar<\/strong>: Propriedades antimicrobianas inerentes ao material PP promovem a limpeza, enquanto a superf\u00edcie lisa e n\u00e3o porosa permite uma limpeza r\u00e1pida\u2014perfeita para manter os padr\u00f5es de higiene em cen\u00e1rios de revenda em quantidade.<\/li>\n<li><strong>Variedade de Cores para Atratividade no Mercado<\/strong>: Dispon\u00edvel em 6 cores vibrantes e profissionais para atender a diversas necessidades de marca e melhorar a presen\u00e7a nas prateleiras em lotes grossistas.<\/li>\n<\/ul>\n<h3 data-start=\"69\" data-end=\"96\">Servi\u00e7os opcionais<\/h3>\n<p data-start=\"98\" data-end=\"192\">Procura algo \u00fanico?<br data-start=\"127\" data-end=\"130\">Oferecemos servi\u00e7os de personaliza\u00e7\u00e3o para o ajudar a destacar-se:<\/p>\n<ul data-start=\"194\" data-end=\"568\">\n<li data-start=\"194\" data-end=\"381\">\n<p data-start=\"196\" data-end=\"381\"><strong data-start=\"196\" data-end=\"218\">Personaliza\u00e7\u00e3o do log\u00f3tipo<\/strong> \u2013 Podemos imprimir o log\u00f3tipo da sua empresa na caixa para pr\u00f3tese para refor\u00e7ar a identidade da sua marca.<br data-start=\"303\" data-end=\"306\">\u2022 <strong data-start=\"310\" data-end=\"327\">Pedido m\u00ednimo<\/strong>: 100 unidades<br data-start=\"336\" data-end=\"339\">\u2022 <strong data-start=\"343\" data-end=\"357\">Custo adicional<\/strong>: +0,074 USD por pe\u00e7a<\/p>\n<\/li>\n<li data-start=\"383\" data-end=\"568\">\n<p data-start=\"385\" data-end=\"568\"><strong data-start=\"385\" data-end=\"408\">Personaliza\u00e7\u00e3o de cor<\/strong> \u2013 Selecione entre uma ampla gama de cores existentes ou solicite uma cor especial para corresponder ao tema da sua marca.<br data-start=\"508\" data-end=\"511\">\u2022 <strong data-start=\"515\" data-end=\"532\">Pedido m\u00ednimo<\/strong>: 5000 unidades<br data-start=\"542\" data-end=\"545\">\u2022 <strong data-start=\"549\" data-end=\"566\">Sem custo adicional<\/strong><\/p>\n<\/li>\n<\/ul>\n<p dir=\"auto\">Quer esteja a abastecer grossistas dent\u00e1rios, cadeias de farm\u00e1cias ou distribuidores globais, as nossas caixas para pr\u00f3teses oferecem qualidade premium em escala. Contacte-nos agora para discutir cota\u00e7\u00f5es em quantidade, pacotes de amostras ou especifica\u00e7\u00f5es personalizadas\u2014vamos estabelecer uma parceria para otimizar a sua cadeia de fornecimento e aumentar os seus lucros grossistas! <\/p>\n","protected":false},"excerpt":{"rendered":"<p>Esta caixa para pr\u00f3tese \u00e9 feita de pl\u00e1stico PP (Polipropileno), apresentando propriedades dur\u00e1veis e leves.<\/p>\n<ul>\n<li>Tamanho: 80\u00d790\u00d745 mm, perfeito para armazenar dentes posti\u00e7os.<\/li>\n<li>MOQ: 100 unidades \u2013 encomendas de teste r\u00e1pidas dispon\u00edveis para minimizar o risco de invent\u00e1rio.<\/li>\n<li>Servi\u00e7os opcionais: Impress\u00e3o de logotipo e personaliza\u00e7\u00e3o de cor para necessidades personalizadas.<\/li>\n<\/ul>\n<p>Explore mais s\u00e9ries de caixas para pr\u00f3teses \u2013 clique para conhecer os detalhes de venda por grosso e aproveite at\u00e9 15% de desconto!<\/p>\n","protected":false},"featured_media":30891,"comment_status":"open","ping_status":"closed","template":"","meta":[],"product_brand":[],"product_cat":[503],"product_tag":[],"class_list":{"0":"post-30886","1":"product","2":"type-product","3":"status-publish","4":"has-post-thumbnail","6":"product_cat-caixas-para-dentaduras","8":"first","9":"instock","10":"taxable","11":"shipping-taxable","12":"purchasable","13":"product-type-variable"},"_links":{"self":[{"href":"https:\/\/widioo.com\/pt-pt\/wp-json\/wp\/v2\/product\/30886","targetHints":{"allow":["GET"]}}],"collection":[{"href":"https:\/\/widioo.com\/pt-pt\/wp-json\/wp\/v2\/product"}],"about":[{"href":"https:\/\/widioo.com\/pt-pt\/wp-json\/wp\/v2\/types\/product"}],"replies":[{"embeddable":true,"href":"https:\/\/widioo.com\/pt-pt\/wp-json\/wp\/v2\/comments?post=30886"}],"version-history":[{"count":1,"href":"https:\/\/widioo.com\/pt-pt\/wp-json\/wp\/v2\/product\/30886\/revisions"}],"predecessor-version":[{"id":31920,"href":"https:\/\/widioo.com\/pt-pt\/wp-json\/wp\/v2\/product\/30886\/revisions\/31920"}],"wp:featuredmedia":[{"embeddable":true,"href":"https:\/\/widioo.com\/pt-pt\/wp-json\/wp\/v2\/media\/30891"}],"wp:attachment":[{"href":"https:\/\/widioo.com\/pt-pt\/wp-json\/wp\/v2\/media?parent=30886"}],"wp:term":[{"taxonomy":"product_brand","embeddable":true,"href":"https:\/\/widioo.com\/pt-pt\/wp-json\/wp\/v2\/product_brand?post=30886"},{"taxonomy":"product_cat","embeddable":true,"href":"https:\/\/widioo.com\/pt-pt\/wp-json\/wp\/v2\/product_cat?post=30886"},{"taxonomy":"product_tag","embeddable":true,"href":"https:\/\/widioo.com\/pt-pt\/wp-json\/wp\/v2\/product_tag?post=30886"}],"curies":[{"name":"wp","href":"https:\/\/api.w.org\/{rel}","templated":true}]}}