{"id":30758,"date":"2025-09-13T12:19:00","date_gmt":"2025-09-13T12:19:00","guid":{"rendered":"https:\/\/widioo.com\/caixa-para-dentaduras-7-cores-fornecimento-comercial-de-suporte-para-dentaduras\/"},"modified":"2025-10-30T03:54:19","modified_gmt":"2025-10-30T03:54:19","slug":"caixa-para-dentaduras-7-cores-fornecimento-comercial-de-suporte-para-dentaduras","status":"publish","type":"product","link":"https:\/\/widioo.com\/pt-pt\/caixa-para-dentaduras-7-cores-fornecimento-comercial-de-suporte-para-dentaduras\/","title":{"rendered":"Caixa para Dentaduras &#8211; 7 Cores | Fornecimento Comercial de Suporte para Dentaduras"},"content":{"rendered":"<p>Somos um fabricante de confian\u00e7a especializado em caixas para dentaduras a granel para cl\u00ednicas dent\u00e1rias, grossistas e distribuidores promocionais. Com fornecimento est\u00e1vel, qualidade consistente e op\u00e7\u00f5es de personaliza\u00e7\u00e3o flex\u00edveis, ajudamos o seu neg\u00f3cio a crescer sem esfor\u00e7o e a manter n\u00edveis de stock fi\u00e1veis. <\/p>\n<h3>Caracter\u00edsticas da caixa para dentaduras<\/h3>\n<ul class=\"a-unordered-list a-vertical a-spacing-mini\">\n<li data-start=\"850\" data-end=\"954\"><strong>Alta Qualidade:<\/strong> As caixas para dentaduras s\u00e3o de boa qualidade, atendendo \u00e0s expectativas dos clientes.<\/li>\n<li data-start=\"850\" data-end=\"954\"><strong>Dur\u00e1vel:<\/strong> Altamente dur\u00e1vel, projetada para durar muito tempo.<\/li>\n<li data-start=\"850\" data-end=\"954\"><strong>F\u00e1cil de Abrir e Fechar:<\/strong> Apresenta um design f\u00e1cil de usar, que \u00e9 f\u00e1cil de abrir e fechar.<\/li>\n<li data-start=\"850\" data-end=\"954\"><strong>Variedade de Op\u00e7\u00f5es de Cor:<\/strong> Dispon\u00edvel numa gama de cores atrativas para atender a v\u00e1rias prefer\u00eancias.<\/li>\n<\/ul>\n<h3 data-start=\"69\" data-end=\"96\">Servi\u00e7os opcionais<\/h3>\n<p data-start=\"98\" data-end=\"192\">Procura algo \u00fanico?<br data-start=\"127\" data-end=\"130\">Oferecemos servi\u00e7os de personaliza\u00e7\u00e3o para o ajudar a destacar-se:<\/p>\n<ul data-start=\"194\" data-end=\"568\">\n<li data-start=\"194\" data-end=\"381\">\n<p data-start=\"196\" data-end=\"381\"><strong data-start=\"196\" data-end=\"218\">Personaliza\u00e7\u00e3o de logotipo<\/strong> \u2013 Podemos imprimir o logotipo da sua empresa no suporte para dentaduras para refor\u00e7ar a identidade da sua marca.<br data-start=\"303\" data-end=\"306\">\u2022 <strong data-start=\"310\" data-end=\"327\">Pedido m\u00ednimo<\/strong>: 100 unidades<br data-start=\"336\" data-end=\"339\">\u2022 <strong data-start=\"343\" data-end=\"357\">Custo adicional<\/strong>: +USD 0,074 por pe\u00e7a<\/p>\n<\/li>\n<li data-start=\"383\" data-end=\"568\">\n<p data-start=\"385\" data-end=\"568\"><strong data-start=\"385\" data-end=\"408\">Personaliza\u00e7\u00e3o de cor<\/strong> \u2013 Selecione de uma ampla gama de cores existentes ou solicite uma cor especial para combinar com o tema da sua marca.<br data-start=\"508\" data-end=\"511\">\u2022 <strong data-start=\"515\" data-end=\"532\">Pedido m\u00ednimo<\/strong>: 5000 unidades<br data-start=\"542\" data-end=\"545\">\u2022 <strong data-start=\"549\" data-end=\"566\">Sem custo adicional<\/strong><\/p>\n<\/li>\n<\/ul>\n<p data-start=\"570\" data-end=\"781\">Desde pr\u00e1ticas dent\u00e1rias a lojas de retalho e eventos promocionais, as nossas op\u00e7\u00f5es de personaliza\u00e7\u00e3o ajudam a elevar a sua marca e criar uma impress\u00e3o premium. Entre em contacto connosco hoje para explorar a personaliza\u00e7\u00e3o de logotipo ou cor e tornar as suas caixas para dentaduras \u00fanicas. <\/p>\n","protected":false},"excerpt":{"rendered":"<p>Esta caixa para dentaduras \u00e9 feita de pl\u00e1stico PP (Polipropileno), apresentando propriedades dur\u00e1veis e leves.<\/p>\n<ul>\n<li>Tamanho: 95\u00d775\u00d755 mm, perfeito para armazenar dentaduras.<\/li>\n<li>MOQ: 100 unidades \u2013 encomendas de teste r\u00e1pidas dispon\u00edveis para minimizar o risco de invent\u00e1rio.<\/li>\n<li>Servi\u00e7os opcionais: Impress\u00e3o de logotipo e personaliza\u00e7\u00e3o de cor para necessidades personalizadas.<\/li>\n<\/ul>\n<p>Explore mais s\u00e9ries de caixas para dentaduras \u2013 clique para saber detalhes de venda por atacado e aproveite at\u00e9 15 % de desconto!<\/p>\n","protected":false},"featured_media":30759,"comment_status":"open","ping_status":"closed","template":"","meta":[],"product_brand":[],"product_cat":[503],"product_tag":[],"class_list":{"0":"post-30758","1":"product","2":"type-product","3":"status-publish","4":"has-post-thumbnail","6":"product_cat-caixas-para-dentaduras","8":"first","9":"instock","10":"taxable","11":"shipping-taxable","12":"purchasable","13":"product-type-variable"},"_links":{"self":[{"href":"https:\/\/widioo.com\/pt-pt\/wp-json\/wp\/v2\/product\/30758","targetHints":{"allow":["GET"]}}],"collection":[{"href":"https:\/\/widioo.com\/pt-pt\/wp-json\/wp\/v2\/product"}],"about":[{"href":"https:\/\/widioo.com\/pt-pt\/wp-json\/wp\/v2\/types\/product"}],"replies":[{"embeddable":true,"href":"https:\/\/widioo.com\/pt-pt\/wp-json\/wp\/v2\/comments?post=30758"}],"version-history":[{"count":1,"href":"https:\/\/widioo.com\/pt-pt\/wp-json\/wp\/v2\/product\/30758\/revisions"}],"predecessor-version":[{"id":31887,"href":"https:\/\/widioo.com\/pt-pt\/wp-json\/wp\/v2\/product\/30758\/revisions\/31887"}],"wp:featuredmedia":[{"embeddable":true,"href":"https:\/\/widioo.com\/pt-pt\/wp-json\/wp\/v2\/media\/30759"}],"wp:attachment":[{"href":"https:\/\/widioo.com\/pt-pt\/wp-json\/wp\/v2\/media?parent=30758"}],"wp:term":[{"taxonomy":"product_brand","embeddable":true,"href":"https:\/\/widioo.com\/pt-pt\/wp-json\/wp\/v2\/product_brand?post=30758"},{"taxonomy":"product_cat","embeddable":true,"href":"https:\/\/widioo.com\/pt-pt\/wp-json\/wp\/v2\/product_cat?post=30758"},{"taxonomy":"product_tag","embeddable":true,"href":"https:\/\/widioo.com\/pt-pt\/wp-json\/wp\/v2\/product_tag?post=30758"}],"curies":[{"name":"wp","href":"https:\/\/api.w.org\/{rel}","templated":true}]}}