{"id":30737,"date":"2025-09-13T12:08:24","date_gmt":"2025-09-13T12:08:24","guid":{"rendered":"https:\/\/widioo.com\/recipiente-para-dentaduras-suporte-de-drenagem-2-cores-precos-para-distribuidores-de-caixa-de-dentes\/"},"modified":"2025-10-30T03:54:50","modified_gmt":"2025-10-30T03:54:50","slug":"recipiente-para-dentaduras-suporte-de-drenagem-2-cores-precos-para-distribuidores-de-caixa-de-dentes","status":"publish","type":"product","link":"https:\/\/widioo.com\/pt-pt\/recipiente-para-dentaduras-suporte-de-drenagem-2-cores-precos-para-distribuidores-de-caixa-de-dentes\/","title":{"rendered":"Recipiente para Dentaduras &#8211; Suporte de Drenagem, 2 Cores | Pre\u00e7os para Distribuidores de Caixa de Dentes"},"content":{"rendered":"<p>Destaque-se no mercado com o nosso recipiente para dentaduras personaliz\u00e1vel. Desde a impress\u00e3o de log\u00f3tipos at\u00e9 \u00e0 correspond\u00eancia de cores, entregamos encomendas em massa que refletem perfeitamente a imagem da sua marca\u2014ideal para consult\u00f3rios dent\u00e1rios, retalhistas e campanhas promocionais. <\/p>\n<h3>Caracter\u00edsticas do recipiente para dentaduras<\/h3>\n<ul class=\"a-unordered-list a-vertical a-spacing-mini\">\n<li data-start=\"850\" data-end=\"954\"><strong>Design Centrado no Utilizador<\/strong> &#8211; A bandeja \u00fanica para dentaduras com cesto permite-lhe remover rapidamente e facilmente dentaduras, conten\u00e7\u00f5es ou protetores bucais sem tocar na solu\u00e7\u00e3o de limpeza.<\/li>\n<li data-start=\"850\" data-end=\"954\"><strong>F\u00e1cil de Abrir e Fechar:<\/strong> Apresenta um design f\u00e1cil de usar, que \u00e9 f\u00e1cil de abrir e fechar.<\/li>\n<li data-start=\"850\" data-end=\"954\"><strong>Alta Qualidade:<\/strong> As nossas caixas para dentaduras s\u00e3o fabricadas em material PP de grau m\u00e9dico, n\u00e3o t\u00f3xico e de qualidade alimentar, garantindo durabilidade e higiene.<\/li>\n<\/ul>\n<h3 data-start=\"69\" data-end=\"96\">Servi\u00e7os opcionais<\/h3>\n<p data-start=\"98\" data-end=\"192\">Procura algo \u00fanico?<br data-start=\"127\" data-end=\"130\">Oferecemos servi\u00e7os de personaliza\u00e7\u00e3o para o ajudar a destacar-se:<\/p>\n<ul data-start=\"194\" data-end=\"568\">\n<li data-start=\"194\" data-end=\"381\">\n<p data-start=\"196\" data-end=\"381\"><strong data-start=\"196\" data-end=\"218\">Personaliza\u00e7\u00e3o de Log\u00f3tipo<\/strong> \u2013 Podemos imprimir o log\u00f3tipo da sua empresa na caixa de dentes para refor\u00e7ar a identidade da sua marca.<br data-start=\"303\" data-end=\"306\">\u2022 <strong data-start=\"310\" data-end=\"327\">Pedido m\u00ednimo<\/strong>: 100 unidades<br data-start=\"336\" data-end=\"339\">\u2022 <strong data-start=\"343\" data-end=\"357\">Custo adicional<\/strong>: +USD 0,074 por pe\u00e7a<\/p>\n<\/li>\n<li data-start=\"383\" data-end=\"568\">\n<p data-start=\"385\" data-end=\"568\"><strong data-start=\"385\" data-end=\"408\">Personaliza\u00e7\u00e3o de cor<\/strong> \u2013 Selecione de uma ampla gama de cores existentes ou solicite uma cor especial para combinar com o tema da sua marca.<br data-start=\"508\" data-end=\"511\">\u2022 <strong data-start=\"515\" data-end=\"532\">Pedido m\u00ednimo<\/strong>: 5000 unidades<br data-start=\"542\" data-end=\"545\">\u2022 <strong data-start=\"549\" data-end=\"566\">Sem custo adicional<\/strong><\/p>\n<\/li>\n<\/ul>\n<p data-start=\"570\" data-end=\"781\">Desde consult\u00f3rios dent\u00e1rios a lojas de retalho e eventos promocionais, as nossas op\u00e7\u00f5es de personaliza\u00e7\u00e3o ajudam a elevar a sua marca e a criar uma impress\u00e3o premium. Entre em contacto connosco hoje para explorar a personaliza\u00e7\u00e3o de log\u00f3tipo ou cor e tornar a sua caixa de dentaduras \u00fanica. <\/p>\n","protected":false},"excerpt":{"rendered":"<p>Este recipiente para dentaduras \u00e9 feito de pl\u00e1stico PP (Polipropileno), apresentando propriedades de qualidade alimentar e durabilidade.<\/p>\n<ul>\n<li>Tamanho: 95\u00d785\u00d760 mm, perfeito para armazenar dentes falsos.<\/li>\n<li>MOQ: 100 unidades \u2013 encomendas de teste r\u00e1pidas dispon\u00edveis para minimizar o risco de invent\u00e1rio.<\/li>\n<li>Servi\u00e7os opcionais: Impress\u00e3o de logotipo e personaliza\u00e7\u00e3o de cor para necessidades personalizadas.<\/li>\n<\/ul>\n<p>Explore mais s\u00e9ries de recipientes para dentaduras \u2013 clique para saber detalhes de venda por atacado e aproveite at\u00e9 15 % de desconto!<\/p>\n","protected":false},"featured_media":30738,"comment_status":"open","ping_status":"closed","template":"","meta":[],"product_brand":[],"product_cat":[503],"product_tag":[],"class_list":{"0":"post-30737","1":"product","2":"type-product","3":"status-publish","4":"has-post-thumbnail","6":"product_cat-caixas-para-dentaduras","8":"first","9":"instock","10":"taxable","11":"shipping-taxable","12":"purchasable","13":"product-type-variable"},"_links":{"self":[{"href":"https:\/\/widioo.com\/pt-pt\/wp-json\/wp\/v2\/product\/30737","targetHints":{"allow":["GET"]}}],"collection":[{"href":"https:\/\/widioo.com\/pt-pt\/wp-json\/wp\/v2\/product"}],"about":[{"href":"https:\/\/widioo.com\/pt-pt\/wp-json\/wp\/v2\/types\/product"}],"replies":[{"embeddable":true,"href":"https:\/\/widioo.com\/pt-pt\/wp-json\/wp\/v2\/comments?post=30737"}],"version-history":[{"count":1,"href":"https:\/\/widioo.com\/pt-pt\/wp-json\/wp\/v2\/product\/30737\/revisions"}],"predecessor-version":[{"id":31889,"href":"https:\/\/widioo.com\/pt-pt\/wp-json\/wp\/v2\/product\/30737\/revisions\/31889"}],"wp:featuredmedia":[{"embeddable":true,"href":"https:\/\/widioo.com\/pt-pt\/wp-json\/wp\/v2\/media\/30738"}],"wp:attachment":[{"href":"https:\/\/widioo.com\/pt-pt\/wp-json\/wp\/v2\/media?parent=30737"}],"wp:term":[{"taxonomy":"product_brand","embeddable":true,"href":"https:\/\/widioo.com\/pt-pt\/wp-json\/wp\/v2\/product_brand?post=30737"},{"taxonomy":"product_cat","embeddable":true,"href":"https:\/\/widioo.com\/pt-pt\/wp-json\/wp\/v2\/product_cat?post=30737"},{"taxonomy":"product_tag","embeddable":true,"href":"https:\/\/widioo.com\/pt-pt\/wp-json\/wp\/v2\/product_tag?post=30737"}],"curies":[{"name":"wp","href":"https:\/\/api.w.org\/{rel}","templated":true}]}}