{"id":30598,"date":"2022-09-07T13:51:58","date_gmt":"2022-09-07T13:51:58","guid":{"rendered":"https:\/\/widioo.com\/comparar\/"},"modified":"2025-10-30T04:11:59","modified_gmt":"2025-10-30T04:11:59","slug":"comparar","status":"publish","type":"page","link":"https:\/\/widioo.com\/pt-pt\/comparar\/","title":{"rendered":"Comparar"},"content":{"rendered":"\t\t<div data-elementor-type=\"wp-page\" data-elementor-id=\"30598\" class=\"elementor elementor-30598 elementor-29357\">\n\t\t\t\t\t\t<section class=\"wd-negative-gap elementor-section elementor-top-section elementor-element elementor-element-4da47f8 elementor-section-boxed elementor-section-height-default elementor-section-height-default\" data-id=\"4da47f8\" data-element_type=\"section\" data-e-type=\"section\">\n\t\t\t\t\t\t<div class=\"elementor-container elementor-column-gap-default\">\n\t\t\t\t\t<div class=\"elementor-column elementor-col-100 elementor-top-column elementor-element elementor-element-51f97bfc\" data-id=\"51f97bfc\" data-element_type=\"column\" data-e-type=\"column\">\n\t\t\t<div class=\"elementor-widget-wrap elementor-element-populated\">\n\t\t\t\t\t\t<div class=\"elementor-element elementor-element-6b8678c9 color-scheme-inherit text-left elementor-widget elementor-widget-text-editor\" data-id=\"6b8678c9\" data-element_type=\"widget\" data-e-type=\"widget\" data-widget_type=\"text-editor.default\">\n\t\t\t\t\t\t\t\t\t\n\t\t<div class=\"wd-empty-block wd-empty-compare\">\n\t\t\t<h2 class=\"wd-empty-block-title\">\n\t\t\t\tA lista de compara\u00e7\u00e3o est\u00e1 vazia.\t\t\t<\/h2>\n\t\t\t\t\t\t\t<p class=\"wd-empty-block-text\">\n\t\t\t\t\tNenhum produto foi adicionado \u00e0 lista de compara\u00e7\u00e3o. Voc\u00ea deve adicionar alguns produtos para compar\u00e1-los. Voc\u00ea encontrar\u00e1 muitos produtos interessantes na nossa p\u00e1gina &#8220;Loja&#8221;.\t\t\t\t<\/p>\n\t\t\t\t\t\t<a class=\"button btn btn-accent wd-empty-block-btn\" href=\"https:\/\/widioo.com\/pt-pt\/loja\/\">\n\t\t\t\tVoltar \u00e0 loja\t\t\t<\/a>\n\t\t<\/div>\n\t\t\n\t\t\t\t\t\t\t\t<\/div>\n\t\t\t\t\t<\/div>\n\t\t<\/div>\n\t\t\t\t\t<\/div>\n\t\t<\/section>\n\t\t\t\t<\/div>\n\t\t","protected":false},"excerpt":{"rendered":"","protected":false},"author":1,"featured_media":0,"parent":0,"menu_order":0,"comment_status":"closed","ping_status":"closed","template":"","meta":{"footnotes":""},"class_list":["post-30598","page","type-page","status-publish","hentry"],"_links":{"self":[{"href":"https:\/\/widioo.com\/pt-pt\/wp-json\/wp\/v2\/pages\/30598","targetHints":{"allow":["GET"]}}],"collection":[{"href":"https:\/\/widioo.com\/pt-pt\/wp-json\/wp\/v2\/pages"}],"about":[{"href":"https:\/\/widioo.com\/pt-pt\/wp-json\/wp\/v2\/types\/page"}],"author":[{"embeddable":true,"href":"https:\/\/widioo.com\/pt-pt\/wp-json\/wp\/v2\/users\/1"}],"replies":[{"embeddable":true,"href":"https:\/\/widioo.com\/pt-pt\/wp-json\/wp\/v2\/comments?post=30598"}],"version-history":[{"count":3,"href":"https:\/\/widioo.com\/pt-pt\/wp-json\/wp\/v2\/pages\/30598\/revisions"}],"predecessor-version":[{"id":30601,"href":"https:\/\/widioo.com\/pt-pt\/wp-json\/wp\/v2\/pages\/30598\/revisions\/30601"}],"wp:attachment":[{"href":"https:\/\/widioo.com\/pt-pt\/wp-json\/wp\/v2\/media?parent=30598"}],"curies":[{"name":"wp","href":"https:\/\/api.w.org\/{rel}","templated":true}]}}