{"id":30976,"date":"2025-09-13T08:05:04","date_gmt":"2025-09-13T08:05:04","guid":{"rendered":"https:\/\/widioo.com\/boite-a-dentier-avec-plateau-de-drainage-6-couleurs-conteneur-de-fausses-dents-en-gros\/"},"modified":"2025-10-30T03:54:43","modified_gmt":"2025-10-30T03:54:43","slug":"boite-a-dentier-avec-plateau-de-drainage-6-couleurs-conteneur-de-fausses-dents-en-gros","status":"publish","type":"product","link":"https:\/\/widioo.com\/fr\/boite-a-dentier-avec-plateau-de-drainage-6-couleurs-conteneur-de-fausses-dents-en-gros\/","title":{"rendered":"Bo\u00eete \u00e0 dentier avec plateau de drainage &#8211; 6 couleurs | Conteneur de fausses dents en gros"},"content":{"rendered":"<p>Gardez les dentiers propres, secs et prot\u00e9g\u00e9s avec notre bo\u00eete \u00e0 dentier en PP dot\u00e9e d&rsquo;un plateau de drainage int\u00e9gr\u00e9. Con\u00e7u pour un nettoyage facile et un stockage hygi\u00e9nique, cet \u00e9tui pratique est id\u00e9al pour les cliniques dentaires, les \u00e9tablissements de soins pour personnes \u00e2g\u00e9es, les d\u00e9taillants et les distributeurs promotionnels recherchant des produits en vrac de haute qualit\u00e9. <\/p>\n<h3>Caract\u00e9ristiques de la bo\u00eete \u00e0 dentier<\/h3>\n<ul class=\"a-unordered-list a-vertical a-spacing-mini\">\n<li data-start=\"497\" data-end=\"614\">\n<p data-start=\"499\" data-end=\"614\"><strong data-start=\"499\" data-end=\"522\">Mat\u00e9riau PP durable<\/strong> \u2013 Fabriqu\u00e9 en polypropyl\u00e8ne robuste qui est l\u00e9ger, r\u00e9sistant aux chocs et facile \u00e0 nettoyer.<\/p>\n<\/li>\n<li data-start=\"615\" data-end=\"771\">\n<p data-start=\"617\" data-end=\"771\"><strong data-start=\"617\" data-end=\"644\">Plateau de drainage amovible<\/strong> \u2013 Le plateau int\u00e9gr\u00e9 maintient les dentiers sur\u00e9lev\u00e9s par rapport \u00e0 l&rsquo;eau au fond, permettant \u00e0 l&rsquo;exc\u00e8s de liquide de s&rsquo;\u00e9vacuer pour une meilleure hygi\u00e8ne.<\/p>\n<\/li>\n<li data-start=\"772\" data-end=\"890\"><strong data-start=\"893\" data-end=\"912\">Design spacieux<\/strong> \u2013 L&rsquo;int\u00e9rieur spacieux peut accueillir des dentiers complets ou partiels, des goutti\u00e8res de nuit ou des prot\u00e8ge-dents.<\/li>\n<\/ul>\n<h3 data-start=\"69\" data-end=\"96\">Services optionnels<\/h3>\n<p data-start=\"98\" data-end=\"192\">Vous recherchez quelque chose d&rsquo;unique ?<br data-start=\"127\" data-end=\"130\">Nous proposons des services de personnalisation pour vous aider \u00e0 vous d\u00e9marquer :<\/p>\n<ul data-start=\"194\" data-end=\"568\">\n<li data-start=\"194\" data-end=\"381\">\n<p data-start=\"196\" data-end=\"381\"><strong data-start=\"196\" data-end=\"218\">Personnalisation du logo<\/strong> \u2013 Nous pouvons imprimer le logo de votre entreprise sur le bo\u00eetier de contention pour renforcer l&rsquo;identit\u00e9 de votre marque.<br data-start=\"303\" data-end=\"306\">\u2022 <strong data-start=\"310\" data-end=\"327\">Commande minimum<\/strong> : 100 pi\u00e8ces<br data-start=\"336\" data-end=\"339\">\u2022 <strong data-start=\"343\" data-end=\"357\">Co\u00fbt suppl\u00e9mentaire<\/strong> : +0,074 USD par pi\u00e8ce<\/p>\n<\/li>\n<li data-start=\"383\" data-end=\"568\">\n<p data-start=\"385\" data-end=\"568\"><strong data-start=\"385\" data-end=\"408\">Personnalisation de la couleur<\/strong> \u2013 Choisissez parmi une large gamme de couleurs existantes ou demandez une couleur sp\u00e9ciale pour correspondre au th\u00e8me de votre marque.<br data-start=\"508\" data-end=\"511\">\u2022 <strong data-start=\"515\" data-end=\"532\">Commande minimum<\/strong> : 5000 pi\u00e8ces<br data-start=\"542\" data-end=\"545\">\u2022 <strong data-start=\"549\" data-end=\"566\">Pas de co\u00fbt suppl\u00e9mentaire<\/strong><\/p>\n<\/li>\n<\/ul>\n<p data-start=\"570\" data-end=\"781\">Id\u00e9ale pour les cabinets dentaires, les \u00e9tablissements de soins pour personnes \u00e2g\u00e9es ou les cadeaux promotionnels, notre bo\u00eete \u00e0 dentier avec plateau de drainage combine hygi\u00e8ne, durabilit\u00e9 et options de personnalisation pour faire ressortir votre marque. Contactez-nous d\u00e8s aujourd&rsquo;hui pour discuter de votre commande en vrac. <\/p>\n","protected":false},"excerpt":{"rendered":"<p>Cette bo\u00eete \u00e0 dentier est fabriqu\u00e9e en plastique PP (polypropyl\u00e8ne), pr\u00e9sentant des propri\u00e9t\u00e9s de qualit\u00e9 alimentaire et l\u00e9g\u00e8res.<\/p>\n<ul>\n<li>Taille : 100\u00d7100\u00d770 mm, parfaite pour stocker les fausses dents.<\/li>\n<li>Quantit\u00e9 minimum de commande : 100 pi\u00e8ces \u2013 commandes d&rsquo;essai rapides disponibles pour minimiser le risque d&rsquo;inventaire.<\/li>\n<li>Services optionnels : Impression de logo et personnalisation de couleur pour des besoins personnalis\u00e9s.<\/li>\n<\/ul>\n<p>Explorez plus de s\u00e9ries de bo\u00eetes \u00e0 dentier \u2013 cliquez pour conna\u00eetre les d\u00e9tails de vente en gros et b\u00e9n\u00e9ficiez jusqu&rsquo;\u00e0 15 % de r\u00e9duction !<\/p>\n","protected":false},"featured_media":30977,"comment_status":"open","ping_status":"closed","template":"","meta":[],"product_brand":[],"product_cat":[505],"product_tag":[],"class_list":{"0":"post-30976","1":"product","2":"type-product","3":"status-publish","4":"has-post-thumbnail","6":"product_cat-boites-pour-protheses-dentaires","8":"first","9":"instock","10":"taxable","11":"shipping-taxable","12":"purchasable","13":"product-type-variable"},"_links":{"self":[{"href":"https:\/\/widioo.com\/fr\/wp-json\/wp\/v2\/product\/30976","targetHints":{"allow":["GET"]}}],"collection":[{"href":"https:\/\/widioo.com\/fr\/wp-json\/wp\/v2\/product"}],"about":[{"href":"https:\/\/widioo.com\/fr\/wp-json\/wp\/v2\/types\/product"}],"replies":[{"embeddable":true,"href":"https:\/\/widioo.com\/fr\/wp-json\/wp\/v2\/comments?post=30976"}],"version-history":[{"count":1,"href":"https:\/\/widioo.com\/fr\/wp-json\/wp\/v2\/product\/30976\/revisions"}],"predecessor-version":[{"id":31899,"href":"https:\/\/widioo.com\/fr\/wp-json\/wp\/v2\/product\/30976\/revisions\/31899"}],"wp:featuredmedia":[{"embeddable":true,"href":"https:\/\/widioo.com\/fr\/wp-json\/wp\/v2\/media\/30977"}],"wp:attachment":[{"href":"https:\/\/widioo.com\/fr\/wp-json\/wp\/v2\/media?parent=30976"}],"wp:term":[{"taxonomy":"product_brand","embeddable":true,"href":"https:\/\/widioo.com\/fr\/wp-json\/wp\/v2\/product_brand?post=30976"},{"taxonomy":"product_cat","embeddable":true,"href":"https:\/\/widioo.com\/fr\/wp-json\/wp\/v2\/product_cat?post=30976"},{"taxonomy":"product_tag","embeddable":true,"href":"https:\/\/widioo.com\/fr\/wp-json\/wp\/v2\/product_tag?post=30976"}],"curies":[{"name":"wp","href":"https:\/\/api.w.org\/{rel}","templated":true}]}}