{"id":30919,"date":"2025-09-13T11:59:30","date_gmt":"2025-09-13T11:59:30","guid":{"rendered":"https:\/\/widioo.com\/boite-a-dentier-avec-couvercle-et-plateau-de-drainage-4-couleurs-etui-pour-fausses-dents-en-petite-serie\/"},"modified":"2025-10-30T03:54:58","modified_gmt":"2025-10-30T03:54:58","slug":"boite-a-dentier-avec-couvercle-et-plateau-de-drainage-4-couleurs-etui-pour-fausses-dents-en-petite-serie","status":"publish","type":"product","link":"https:\/\/widioo.com\/fr\/boite-a-dentier-avec-couvercle-et-plateau-de-drainage-4-couleurs-etui-pour-fausses-dents-en-petite-serie\/","title":{"rendered":"Bo\u00eete \u00e0 dentier avec couvercle et plateau de drainage &#8211; 4 couleurs | \u00c9tui pour fausses dents en petite s\u00e9rie"},"content":{"rendered":"<p>Notre bo\u00eete \u00e0 dentier haut de gamme aide \u00e0 maintenir un niveau \u00e9lev\u00e9 d&rsquo;hygi\u00e8ne dentaire en offrant un espace de rangement propre pour vos proth\u00e8ses dentaires ou fausses dents, appareils dentaires, ou prot\u00e8ge-dents de sport. Notre \u00e9tui \u00e0 dentier robuste permet \u00e9galement de transporter facilement les proth\u00e8ses partout et pr\u00e9vient les dommages accidentels lors de la manipulation. <\/p>\n<h3>Caract\u00e9ristiques de la bo\u00eete \u00e0 dentier<\/h3>\n<ul class=\"a-unordered-list a-vertical a-spacing-mini\">\n<li data-start=\"850\" data-end=\"954\"><strong>Structure en PP r\u00e9sistante aux chocs :<\/strong> Fabriqu\u00e9e en polypropyl\u00e8ne de haute qualit\u00e9 pour une r\u00e9sistance incassable et une portabilit\u00e9 l\u00e9g\u00e8re.<\/li>\n<li data-start=\"850\" data-end=\"954\"><strong>Panier de drainage int\u00e9gr\u00e9 :<\/strong> Le panier int\u00e9rieur amovible permet \u00e0 l&rsquo;exc\u00e8s d&rsquo;eau de s&rsquo;\u00e9couler apr\u00e8s le nettoyage, favorisant la circulation de l&rsquo;air pour garder les proth\u00e8ses sans odeur et r\u00e9sistantes \u00e0 la moisissure.<\/li>\n<\/ul>\n<h3 data-start=\"69\" data-end=\"96\">Services optionnels<\/h3>\n<p data-start=\"98\" data-end=\"192\">Vous recherchez quelque chose d&rsquo;unique ?<br data-start=\"127\" data-end=\"130\">Nous proposons des services de personnalisation pour vous aider \u00e0 vous d\u00e9marquer :<\/p>\n<ul data-start=\"194\" data-end=\"568\">\n<li data-start=\"194\" data-end=\"381\">\n<p data-start=\"196\" data-end=\"381\"><strong data-start=\"196\" data-end=\"218\">Personnalisation du logo<\/strong> \u2013 Nous pouvons imprimer le logo de votre entreprise sur l&rsquo;\u00e9tui pour fausses dents afin de renforcer l&rsquo;identit\u00e9 de votre marque.<br data-start=\"303\" data-end=\"306\">\u2022 <strong data-start=\"310\" data-end=\"327\">Commande minimum<\/strong> : 100 pi\u00e8ces<br data-start=\"336\" data-end=\"339\">\u2022 <strong data-start=\"343\" data-end=\"357\">Co\u00fbt suppl\u00e9mentaire<\/strong> : +0,074 USD par pi\u00e8ce<\/p>\n<\/li>\n<li data-start=\"383\" data-end=\"568\">\n<p data-start=\"385\" data-end=\"568\"><strong data-start=\"385\" data-end=\"408\">Personnalisation de la couleur<\/strong> \u2013 Choisissez parmi une large gamme de couleurs existantes ou demandez une couleur sp\u00e9ciale pour correspondre au th\u00e8me de votre marque.<br data-start=\"508\" data-end=\"511\">\u2022 <strong data-start=\"515\" data-end=\"532\">Commande minimum<\/strong> : 5000 pi\u00e8ces<br data-start=\"542\" data-end=\"545\">\u2022 <strong data-start=\"549\" data-end=\"566\">Pas de co\u00fbt suppl\u00e9mentaire<\/strong><\/p>\n<\/li>\n<\/ul>\n<p data-start=\"570\" data-end=\"781\">Des cabinets dentaires aux magasins de d\u00e9tail en passant par les \u00e9v\u00e9nements promotionnels, nos options de personnalisation aident \u00e0 valoriser votre marque et \u00e0 cr\u00e9er une impression haut de gamme. Contactez-nous d\u00e8s aujourd&rsquo;hui pour explorer la personnalisation du logo ou de la couleur et rendre votre bo\u00eete \u00e0 dentier unique. <\/p>\n","protected":false},"excerpt":{"rendered":"<p>Cette bo\u00eete \u00e0 dentier est fabriqu\u00e9e en plastique PP (Polypropyl\u00e8ne), offrant des propri\u00e9t\u00e9s durables et r\u00e9sistantes aux produits chimiques.<\/p>\n<ul>\n<li>Dimensions : 85\u00d780\u00d780 mm, parfait pour ranger les fausses dents.<\/li>\n<li>Quantit\u00e9 minimum de commande : 100 pi\u00e8ces \u2013 commandes d&rsquo;essai rapides disponibles pour minimiser le risque d&rsquo;inventaire.<\/li>\n<li>Services optionnels : Impression de logo et personnalisation de couleur pour des besoins personnalis\u00e9s.<\/li>\n<\/ul>\n<p>D\u00e9couvrez d&rsquo;autres s\u00e9ries de bo\u00eetes \u00e0 dentier \u2013 cliquez pour conna\u00eetre les d\u00e9tails de vente en gros et b\u00e9n\u00e9ficier de jusqu&rsquo;\u00e0 15 % de r\u00e9duction !<\/p>\n","protected":false},"featured_media":30920,"comment_status":"open","ping_status":"closed","template":"","meta":[],"product_brand":[],"product_cat":[505],"product_tag":[],"class_list":{"0":"post-30919","1":"product","2":"type-product","3":"status-publish","4":"has-post-thumbnail","6":"product_cat-boites-pour-protheses-dentaires","8":"first","9":"instock","10":"taxable","11":"shipping-taxable","12":"purchasable","13":"product-type-variable"},"_links":{"self":[{"href":"https:\/\/widioo.com\/fr\/wp-json\/wp\/v2\/product\/30919","targetHints":{"allow":["GET"]}}],"collection":[{"href":"https:\/\/widioo.com\/fr\/wp-json\/wp\/v2\/product"}],"about":[{"href":"https:\/\/widioo.com\/fr\/wp-json\/wp\/v2\/types\/product"}],"replies":[{"embeddable":true,"href":"https:\/\/widioo.com\/fr\/wp-json\/wp\/v2\/comments?post=30919"}],"version-history":[{"count":1,"href":"https:\/\/widioo.com\/fr\/wp-json\/wp\/v2\/product\/30919\/revisions"}],"predecessor-version":[{"id":31893,"href":"https:\/\/widioo.com\/fr\/wp-json\/wp\/v2\/product\/30919\/revisions\/31893"}],"wp:featuredmedia":[{"embeddable":true,"href":"https:\/\/widioo.com\/fr\/wp-json\/wp\/v2\/media\/30920"}],"wp:attachment":[{"href":"https:\/\/widioo.com\/fr\/wp-json\/wp\/v2\/media?parent=30919"}],"wp:term":[{"taxonomy":"product_brand","embeddable":true,"href":"https:\/\/widioo.com\/fr\/wp-json\/wp\/v2\/product_brand?post=30919"},{"taxonomy":"product_cat","embeddable":true,"href":"https:\/\/widioo.com\/fr\/wp-json\/wp\/v2\/product_cat?post=30919"},{"taxonomy":"product_tag","embeddable":true,"href":"https:\/\/widioo.com\/fr\/wp-json\/wp\/v2\/product_tag?post=30919"}],"curies":[{"name":"wp","href":"https:\/\/api.w.org\/{rel}","templated":true}]}}