{"id":30846,"date":"2025-09-13T08:16:03","date_gmt":"2025-09-13T08:16:03","guid":{"rendered":"https:\/\/widioo.com\/boite-pour-protheses-dentaires-6-couleurs-conteneur-en-vrac-pour-fausses-dents\/"},"modified":"2025-10-30T03:55:17","modified_gmt":"2025-10-30T03:55:17","slug":"boite-pour-protheses-dentaires-6-couleurs-conteneur-en-vrac-pour-fausses-dents","status":"publish","type":"product","link":"https:\/\/widioo.com\/fr\/boite-pour-protheses-dentaires-6-couleurs-conteneur-en-vrac-pour-fausses-dents\/","title":{"rendered":"Bo\u00eete pour proth\u00e8ses dentaires &#8211; 6 couleurs | Conteneur en vrac pour fausses dents"},"content":{"rendered":"<p dir=\"auto\">Vous recherchez un partenaire de confiance pour des solutions de stockage de proth\u00e8ses dentaires en vrac ? Nous excellons dans la production \u00e0 grand volume et la personnalisation sur mesure, offrant une valeur imbattable, des d\u00e9lais de livraison rapides et une qualit\u00e9 in\u00e9branlable pour autonomiser les grossistes, les fournisseurs dentaires et les r\u00e9seaux de distribution. Nos bo\u00eetes pour proth\u00e8ses dentaires en PP sont con\u00e7ues pour une hygi\u00e8ne sup\u00e9rieure, une endurance robuste et une commodit\u00e9 quotidienne, id\u00e9ales pour la revente, l&rsquo;\u00e9tiquetage priv\u00e9 ou la distribution en vrac aux cliniques et aux d\u00e9taillants.  <\/p>\n<h3>Caract\u00e9ristiques de la bo\u00eete pour proth\u00e8ses dentaires<\/h3>\n<ul class=\"a-unordered-list a-vertical a-spacing-mini\">\n<li><strong>Construction robuste en PP<\/strong> : Fabriqu\u00e9e \u00e0 partir de polypropyl\u00e8ne (PP) de haute qualit\u00e9 pour une durabilit\u00e9 exceptionnelle, r\u00e9sistant aux fissures et \u00e0 l&rsquo;usure m\u00eame en cas d&rsquo;utilisation fr\u00e9quente, assurant une fiabilit\u00e9 \u00e0 long terme pour votre inventaire de gros.<\/li>\n<li><strong>Hygi\u00e9nique et facile \u00e0 nettoyer<\/strong> : Les propri\u00e9t\u00e9s antimicrobiennes inh\u00e9rentes au mat\u00e9riau PP favorisent la propret\u00e9, tandis que la surface lisse et non poreuse permet un essuyage rapide, parfait pour maintenir les normes d&rsquo;hygi\u00e8ne dans les sc\u00e9narios de revente en vrac.<\/li>\n<li><strong>Vari\u00e9t\u00e9 de couleurs pour l&rsquo;attrait du march\u00e9<\/strong> : Disponible en 6 couleurs vibrantes et professionnelles pour r\u00e9pondre aux divers besoins de branding et am\u00e9liorer la pr\u00e9sence en rayon dans les lots de gros.<\/li>\n<\/ul>\n<h3 data-start=\"69\" data-end=\"96\">Services optionnels<\/h3>\n<p data-start=\"98\" data-end=\"192\">Vous recherchez quelque chose d&rsquo;unique ?<br data-start=\"127\" data-end=\"130\">Nous proposons des services de personnalisation pour vous aider \u00e0 vous d\u00e9marquer :<\/p>\n<ul data-start=\"194\" data-end=\"568\">\n<li data-start=\"194\" data-end=\"381\">\n<p data-start=\"196\" data-end=\"381\"><strong data-start=\"196\" data-end=\"218\">Personnalisation du logo<\/strong> \u2013 Nous pouvons imprimer le logo de votre entreprise sur la bo\u00eete \u00e0 proth\u00e8ses dentaires afin de renforcer l&rsquo;identit\u00e9 de votre marque.<br data-start=\"303\" data-end=\"306\">\u2022 <strong data-start=\"310\" data-end=\"327\">Commande minimale<\/strong> : 100 pi\u00e8ces<br data-start=\"336\" data-end=\"339\">\u2022 <strong data-start=\"343\" data-end=\"357\">Co\u00fbt suppl\u00e9mentaire<\/strong> : +0,074 USD par pi\u00e8ce<\/p>\n<\/li>\n<li data-start=\"383\" data-end=\"568\">\n<p data-start=\"385\" data-end=\"568\"><strong data-start=\"385\" data-end=\"408\">Personnalisation des couleurs<\/strong> \u2013 Choisissez parmi une large gamme de couleurs existantes ou demandez une couleur sp\u00e9ciale pour correspondre au th\u00e8me de votre marque.<br data-start=\"508\" data-end=\"511\">\u2022 <strong data-start=\"515\" data-end=\"532\">Commande minimum<\/strong> : 5 000 pi\u00e8ces<br data-start=\"542\" data-end=\"545\">\u2022 <strong data-start=\"549\" data-end=\"566\">Aucun co\u00fbt suppl\u00e9mentaire<\/strong><\/p>\n<\/li>\n<\/ul>\n<p dir=\"auto\">Que vous vous approvisionniez pour des grossistes dentaires, des cha\u00eenes de pharmacies ou des distributeurs mondiaux, nos bo\u00eetes pour proth\u00e8ses dentaires offrent une qualit\u00e9 sup\u00e9rieure \u00e0 grande \u00e9chelle. Contactez-nous d\u00e8s maintenant pour discuter des devis en gros, des \u00e9chantillons ou des sp\u00e9cifications personnalis\u00e9es. Partenons ensemble pour rationaliser votre cha\u00eene d&rsquo;approvisionnement et augmenter vos b\u00e9n\u00e9fices en gros ! <\/p>\n","protected":false},"excerpt":{"rendered":"<p>Cette bo\u00eete pour proth\u00e8ses dentaires est fabriqu\u00e9e en plastique PP (polypropyl\u00e8ne), offrant des propri\u00e9t\u00e9s durables et l\u00e9g\u00e8res.<\/p>\n<ul>\n<li>Taille : 80 \u00d7 90 \u00d7 45 mm, parfait pour ranger les fausses dents.<\/li>\n<li>Quantit\u00e9 minimum de commande : 100 pi\u00e8ces \u2013 commandes d&rsquo;essai rapides disponibles pour minimiser le risque d&rsquo;inventaire.<\/li>\n<li>Services optionnels : Impression de logo et personnalisation de couleur pour des besoins personnalis\u00e9s.<\/li>\n<\/ul>\n<p>Explorez d&rsquo;autres s\u00e9ries de bo\u00eetes pour proth\u00e8ses dentaires &#8211; cliquez pour conna\u00eetre les d\u00e9tails de la vente en gros et profitez de jusqu&rsquo;\u00e0 15 % de r\u00e9duction !<\/p>\n","protected":false},"featured_media":30850,"comment_status":"open","ping_status":"closed","template":"","meta":[],"product_brand":[],"product_cat":[505],"product_tag":[],"class_list":{"0":"post-30846","1":"product","2":"type-product","3":"status-publish","4":"has-post-thumbnail","6":"product_cat-boites-pour-protheses-dentaires","8":"first","9":"instock","10":"taxable","11":"shipping-taxable","12":"purchasable","13":"product-type-variable"},"_links":{"self":[{"href":"https:\/\/widioo.com\/fr\/wp-json\/wp\/v2\/product\/30846","targetHints":{"allow":["GET"]}}],"collection":[{"href":"https:\/\/widioo.com\/fr\/wp-json\/wp\/v2\/product"}],"about":[{"href":"https:\/\/widioo.com\/fr\/wp-json\/wp\/v2\/types\/product"}],"replies":[{"embeddable":true,"href":"https:\/\/widioo.com\/fr\/wp-json\/wp\/v2\/comments?post=30846"}],"version-history":[{"count":1,"href":"https:\/\/widioo.com\/fr\/wp-json\/wp\/v2\/product\/30846\/revisions"}],"predecessor-version":[{"id":31923,"href":"https:\/\/widioo.com\/fr\/wp-json\/wp\/v2\/product\/30846\/revisions\/31923"}],"wp:featuredmedia":[{"embeddable":true,"href":"https:\/\/widioo.com\/fr\/wp-json\/wp\/v2\/media\/30850"}],"wp:attachment":[{"href":"https:\/\/widioo.com\/fr\/wp-json\/wp\/v2\/media?parent=30846"}],"wp:term":[{"taxonomy":"product_brand","embeddable":true,"href":"https:\/\/widioo.com\/fr\/wp-json\/wp\/v2\/product_brand?post=30846"},{"taxonomy":"product_cat","embeddable":true,"href":"https:\/\/widioo.com\/fr\/wp-json\/wp\/v2\/product_cat?post=30846"},{"taxonomy":"product_tag","embeddable":true,"href":"https:\/\/widioo.com\/fr\/wp-json\/wp\/v2\/product_tag?post=30846"}],"curies":[{"name":"wp","href":"https:\/\/api.w.org\/{rel}","templated":true}]}}