{"id":30652,"date":"2022-09-07T13:52:58","date_gmt":"2022-09-07T13:52:58","guid":{"rendered":"https:\/\/widioo.com\/politique-de-confidentialite\/"},"modified":"2025-10-24T07:21:22","modified_gmt":"2025-10-24T07:21:22","slug":"politique-de-confidentialite","status":"publish","type":"page","link":"https:\/\/widioo.com\/fr\/politique-de-confidentialite\/","title":{"rendered":"Politique de confidentialit\u00e9"},"content":{"rendered":"\t\t<div data-elementor-type=\"wp-page\" data-elementor-id=\"30652\" class=\"elementor elementor-30652 elementor-29360\">\n\t\t\t\t<div class=\"wd-negative-gap elementor-element elementor-element-e31b598 e-flex e-con-boxed e-con e-parent\" data-id=\"e31b598\" data-element_type=\"container\" data-e-type=\"container\">\n\t\t\t\t\t<div class=\"e-con-inner\">\n\t\t\t\t<div class=\"elementor-element elementor-element-323770e elementor-widget elementor-widget-wd_text_block\" data-id=\"323770e\" data-element_type=\"widget\" data-e-type=\"widget\" data-widget_type=\"wd_text_block.default\">\n\t\t\t\t<div class=\"elementor-widget-container\">\n\t\t\t\t\t\t\t<div class=\"wd-text-block reset-last-child text-left\">\n\t\t\t\n\t\t\t<h2 class=\"wp-block-heading\">Qui sommes-nous ?<\/h2><p>L\u2019adresse de notre site web est&nbsp;: https:\/\/widioo.com.<\/p><h2 class=\"wp-block-heading\">Commentaires<\/h2><p>Quand les visiteurs laissent des commentaires sur le site, nous recueillons les donn\u00e9es indiqu\u00e9es dans le formulaire de commentaires, ainsi que l\u2019adresse IP du visiteur et la cha\u00eene de l\u2019agent utilisateur du navigateur pour faciliter la d\u00e9tection des pourriels.<\/p><p>Une cha\u00eene anonymis\u00e9e cr\u00e9\u00e9e \u00e0 partir de votre adresse courriel (\u00e9galement appel\u00e9e hachage) peut \u00eatre fournie au service Gravatar pour v\u00e9rifier si vous l\u2019utilisez. La politique de confidentialit\u00e9 du service Gravatar est disponible ici&nbsp;: https:\/\/automattic.com\/privacy\/. Apr\u00e8s approbation de votre commentaire, votre photo de profil est visible au public dans le contexte de votre commentaire. <\/p><h2 class=\"wp-block-heading\">M\u00e9dias<\/h2><p>Si vous t\u00e9l\u00e9versez des images sur le site web, vous devriez \u00e9viter de t\u00e9l\u00e9verser des images contenant des donn\u00e9es de localisation int\u00e9gr\u00e9es (EXIF GPS). Les visiteurs du site web peuvent t\u00e9l\u00e9charger et extraire toutes les donn\u00e9es de localisation des images du site web. <\/p><h2 class=\"wp-block-heading\">T\u00e9moins<\/h2><p>Si vous laissez un commentaire sur notre site, vous pouvez choisir d\u2019enregistrer votre nom, votre adresse courriel et votre site web dans des t\u00e9moins. Ceux-ci sont pour votre commodit\u00e9 afin que vous n\u2019ayez pas \u00e0 remplir vos coordonn\u00e9es \u00e0 nouveau lorsque vous laissez un autre commentaire. Ces t\u00e9moins dureront un an.  <\/p><p>Si vous visitez notre page de connexion, nous installerons un t\u00e9moin temporaire pour d\u00e9terminer si votre navigateur accepte les t\u00e9moins. Ce t\u00e9moin ne contient aucune donn\u00e9e personnelle et est supprim\u00e9 lorsque vous fermez votre navigateur. <\/p><p>Lorsque vous vous connectez, nous installerons \u00e9galement plusieurs t\u00e9moins pour enregistrer vos informations de connexion et vos choix d\u2019affichage \u00e0 l\u2019\u00e9cran. Les t\u00e9moins de connexion durent deux jours et les t\u00e9moins d\u2019options d\u2019\u00e9cran durent un an. Si vous s\u00e9lectionnez \u00ab&nbsp;Se souvenir de moi&nbsp;\u00bb, votre connexion sera maintenue pendant deux semaines. Si vous vous d\u00e9connectez de votre compte, les t\u00e9moins de connexion seront supprim\u00e9s.   <\/p><p>Si vous modifiez ou publiez un article, un t\u00e9moin suppl\u00e9mentaire sera enregistr\u00e9 dans votre navigateur. Ce t\u00e9moin ne comprend aucune donn\u00e9e personnelle et indique simplement l\u2019ID de l\u2019article que vous venez de modifier. Il expire apr\u00e8s 1 jour.  <\/p><h2 class=\"wp-block-heading\">Contenu int\u00e9gr\u00e9 provenant d\u2019autres sites web<\/h2><p>Les articles sur ce site peuvent inclure du contenu int\u00e9gr\u00e9 (p.&nbsp;ex. des vid\u00e9os, des images, des articles, etc.). Le contenu int\u00e9gr\u00e9 provenant d\u2019autres sites web se comporte exactement de la m\u00eame mani\u00e8re que si le visiteur a visit\u00e9 l\u2019autre site web. <\/p><p>Ces sites web peuvent recueillir des donn\u00e9es \u00e0 votre sujet, utiliser des t\u00e9moins, int\u00e9grer un suivi suppl\u00e9mentaire de tiers et surveiller votre interaction avec ce contenu int\u00e9gr\u00e9, notamment en suivant votre interaction avec le contenu int\u00e9gr\u00e9 si vous avez un compte et que vous \u00eates connect\u00e9 \u00e0 ce site web.<\/p><h2 class=\"wp-block-heading\">Avec qui nous partageons vos donn\u00e9es<\/h2><p>Si vous demandez une r\u00e9initialisation du mot de passe, votre adresse IP sera incluse dans le courriel de r\u00e9initialisation.<\/p><h2 class=\"wp-block-heading\">Combien de temps conservons-nous vos donn\u00e9es<\/h2><p>Si vous laissez un commentaire, le commentaire et ses m\u00e9tadonn\u00e9es sont conserv\u00e9s ind\u00e9finiment. C\u2019est ainsi que nous pouvons reconna\u00eetre et approuver automatiquement tous les commentaires de suivi au lieu de les conserver dans une file d\u2019attente de mod\u00e9ration. <\/p><p>Pour les utilisateurs qui s\u2019inscrivent sur notre site web (le cas \u00e9ch\u00e9ant), nous stockons \u00e9galement les renseignements personnels qu\u2019ils fournissent dans leur profil d\u2019utilisateur. Tous les utilisateurs peuvent consulter, modifier ou supprimer leurs renseignements personnels \u00e0 tout moment (sauf qu\u2019ils ne peuvent pas modifier leur nom d\u2019utilisateur). Les administrateurs du site web peuvent \u00e9galement consulter et modifier ces renseignements.  <\/p><h2 class=\"wp-block-heading\">Quels droits avez-vous sur vos donn\u00e9es<\/h2><p>Si vous avez un compte sur ce site ou si vous avez laiss\u00e9 des commentaires, vous pouvez demander \u00e0 recevoir un fichier export\u00e9 des donn\u00e9es personnelles que nous d\u00e9tenons \u00e0 votre sujet, y compris toutes les donn\u00e9es que vous nous avez fournies. Vous pouvez \u00e9galement demander que nous effacions toutes les donn\u00e9es personnelles que nous d\u00e9tenons \u00e0 votre sujet. Cela ne comprend pas les donn\u00e9es que nous sommes tenus de conserver \u00e0 des fins administratives, juridiques ou de s\u00e9curit\u00e9.  <\/p><h2 class=\"wp-block-heading\">O\u00f9 vos donn\u00e9es sont-elles envoy\u00e9es<\/h2><p>Les commentaires des visiteurs peuvent \u00eatre v\u00e9rifi\u00e9s par le biais d\u2019un service automatis\u00e9 de d\u00e9tection des pourriels.<\/p><p>Nous recueillons des informations \u00e0 votre sujet lors du processus de paiement sur notre boutique.<\/p><h2>Ce que nous recueillons et stockons<\/h2><p>Pendant que vous visitez notre site, nous suivrons&nbsp;:<\/p><ul><li>Les produits que vous avez consult\u00e9s&nbsp;: nous les utiliserons, par exemple, pour vous montrer les produits que vous avez consult\u00e9s r\u00e9cemment<\/li><li>L\u2019emplacement, l\u2019adresse IP et le type de navigateur&nbsp;: nous les utiliserons \u00e0 des fins telles que l\u2019estimation des taxes et de l\u2019exp\u00e9dition<\/li><li>Adresse de livraison&nbsp;: nous vous demanderons de la saisir afin que nous puissions, par exemple, estimer l\u2019exp\u00e9dition avant que vous ne passiez une commande, et vous envoyer la commande&nbsp;!<\/li><\/ul><p>Nous utiliserons \u00e9galement des t\u00e9moins pour suivre le contenu du panier pendant que vous naviguez sur notre site.<\/p><p>Lorsque vous achetez chez nous, nous vous demanderons de fournir des informations, notamment votre nom, votre adresse de facturation, votre adresse de livraison, votre adresse courriel, votre num\u00e9ro de t\u00e9l\u00e9phone, les d\u00e9tails de votre carte de cr\u00e9dit\/paiement et des informations de compte facultatives comme le nom d\u2019utilisateur et le mot de passe. Nous utiliserons ces informations \u00e0 des fins telles que&nbsp;: <\/p><ul><li>Vous envoyer des informations sur votre compte et votre commande<\/li><li>R\u00e9pondre \u00e0 vos demandes, y compris les remboursements et les plaintes<\/li><li>Traiter les paiements et pr\u00e9venir la fraude<\/li><li>Configurer votre compte pour notre boutique<\/li><li>Nous conformer \u00e0 toutes les obligations l\u00e9gales que nous avons, comme le calcul des taxes<\/li><li>Am\u00e9liorer nos offres de magasin<\/li><li>Vous envoyer des messages marketing, si vous choisissez de les recevoir<\/li><\/ul><p>Si vous cr\u00e9ez un compte, nous stockerons votre nom, votre adresse, votre courriel et votre num\u00e9ro de t\u00e9l\u00e9phone, qui seront utilis\u00e9s pour remplir la caisse pour les commandes futures.<\/p><p>Nous stockons g\u00e9n\u00e9ralement des informations \u00e0 votre sujet aussi longtemps que nous en avons besoin aux fins pour lesquelles nous les recueillons et les utilisons, et nous ne sommes pas l\u00e9galement tenus de continuer \u00e0 les conserver. Par exemple, nous stockerons les informations de commande pendant XXX&nbsp;ann\u00e9es \u00e0 des fins fiscales et comptables. Cela comprend votre nom, votre adresse courriel et vos adresses de facturation et de livraison.  <\/p><p>Nous stockerons \u00e9galement les commentaires ou les \u00e9valuations, si vous choisissez de les laisser.<\/p><h2>Qui, dans notre \u00e9quipe, y a acc\u00e8s<\/h2><p>Les membres de notre \u00e9quipe ont acc\u00e8s aux informations que vous nous fournissez. Par exemple, les administrateurs et les gestionnaires de boutique peuvent acc\u00e9der \u00e0&nbsp;: <\/p><ul><li>Les informations de commande comme ce qui a \u00e9t\u00e9 achet\u00e9, quand cela a \u00e9t\u00e9 achet\u00e9 et o\u00f9 cela doit \u00eatre envoy\u00e9, et<\/li><li>Les informations client comme votre nom, votre adresse courriel et vos informations de facturation et d\u2019exp\u00e9dition.<\/li><\/ul><p>Les membres de notre \u00e9quipe ont acc\u00e8s \u00e0 ces informations pour aider \u00e0 ex\u00e9cuter les commandes, traiter les remboursements et vous soutenir.<\/p><h2>Ce que nous partageons avec les autres<\/h2><p>Nous partageons des informations avec des tiers qui nous aident \u00e0 vous fournir nos commandes et nos services de stockage&nbsp;; par exemple&nbsp;:<\/p><h3>Paiements<\/h3><p>Nous acceptons les paiements par l\u2019interm\u00e9diaire de PayPal. Lors du traitement des paiements, certaines de vos donn\u00e9es seront transmises \u00e0 PayPal, y compris les informations n\u00e9cessaires au traitement ou \u00e0 la prise en charge du paiement, telles que le total de l\u2019achat et les informations de facturation. <\/p><p>Veuillez consulter la <a href=\"https:\/\/www.paypal.com\/us\/webapps\/mpp\/ua\/privacy-full\" target=\"_blank\" rel=\"noopener\">politique de confidentialit\u00e9 de PayPal<\/a> pour plus de d\u00e9tails.<\/p>\n\t\t\t\t\t<\/div>\n\t\t\t\t\t\t<\/div>\n\t\t\t\t<\/div>\n\t\t\t\t\t<\/div>\n\t\t\t\t<\/div>\n\t\t\t\t<\/div>\n\t\t","protected":false},"excerpt":{"rendered":"<p>Qui sommes-nous ? L\u2019adresse de notre site web est&nbsp;: https:\/\/widioo.com. Commentaires Quand les visiteurs laissent des commentaires sur le site,<\/p>\n","protected":false},"author":1,"featured_media":0,"parent":0,"menu_order":0,"comment_status":"closed","ping_status":"closed","template":"","meta":{"footnotes":""},"class_list":["post-30652","page","type-page","status-publish","hentry"],"_links":{"self":[{"href":"https:\/\/widioo.com\/fr\/wp-json\/wp\/v2\/pages\/30652","targetHints":{"allow":["GET"]}}],"collection":[{"href":"https:\/\/widioo.com\/fr\/wp-json\/wp\/v2\/pages"}],"about":[{"href":"https:\/\/widioo.com\/fr\/wp-json\/wp\/v2\/types\/page"}],"author":[{"embeddable":true,"href":"https:\/\/widioo.com\/fr\/wp-json\/wp\/v2\/users\/1"}],"replies":[{"embeddable":true,"href":"https:\/\/widioo.com\/fr\/wp-json\/wp\/v2\/comments?post=30652"}],"version-history":[{"count":1,"href":"https:\/\/widioo.com\/fr\/wp-json\/wp\/v2\/pages\/30652\/revisions"}],"predecessor-version":[{"id":30653,"href":"https:\/\/widioo.com\/fr\/wp-json\/wp\/v2\/pages\/30652\/revisions\/30653"}],"wp:attachment":[{"href":"https:\/\/widioo.com\/fr\/wp-json\/wp\/v2\/media?parent=30652"}],"curies":[{"name":"wp","href":"https:\/\/api.w.org\/{rel}","templated":true}]}}