{"id":31221,"date":"2025-09-13T08:05:04","date_gmt":"2025-09-13T08:05:04","guid":{"rendered":"https:\/\/widioo.com\/caja-para-dentaduras-postizas-con-bandeja-de-drenaje-6-colores-contenedor-para-dientes-postizos-al-por-mayor\/"},"modified":"2025-10-30T03:54:37","modified_gmt":"2025-10-30T03:54:37","slug":"caja-para-dentaduras-postizas-con-bandeja-de-drenaje-6-colores-contenedor-para-dientes-postizos-al-por-mayor","status":"publish","type":"product","link":"https:\/\/widioo.com\/es\/caja-para-dentaduras-postizas-con-bandeja-de-drenaje-6-colores-contenedor-para-dientes-postizos-al-por-mayor\/","title":{"rendered":"Caja para dentaduras postizas con bandeja de drenaje &#8211; 6 colores | Contenedor para dientes postizos al por mayor"},"content":{"rendered":"<p>Mantenga las dentaduras postizas limpias, secas y protegidas con nuestra caja para dentaduras postizas de PP que cuenta con una bandeja de drenaje incorporada. Dise\u00f1ada para una f\u00e1cil limpieza y un almacenamiento higi\u00e9nico, esta pr\u00e1ctica caja es ideal para cl\u00ednicas dentales, centros de atenci\u00f3n para personas mayores, minoristas y distribuidores promocionales que buscan productos a granel de alta calidad. <\/p>\n<h3>Caracter\u00edsticas de la caja para dentaduras postizas<\/h3>\n<ul class=\"a-unordered-list a-vertical a-spacing-mini\">\n<li data-start=\"497\" data-end=\"614\">\n<p data-start=\"499\" data-end=\"614\"><strong data-start=\"499\" data-end=\"522\">Material PP duradero<\/strong>: fabricado con polipropileno resistente, ligero, resistente a los impactos y f\u00e1cil de limpiar.<\/p>\n<\/li>\n<li data-start=\"615\" data-end=\"771\">\n<p data-start=\"617\" data-end=\"771\"><strong data-start=\"617\" data-end=\"644\">Bandeja de drenaje extra\u00edble<\/strong>: la bandeja integrada mantiene las dentaduras postizas elevadas del agua en la parte inferior, lo que permite que el exceso de l\u00edquido se drene para una mejor higiene.<\/p>\n<\/li>\n<li data-start=\"772\" data-end=\"890\"><strong data-start=\"893\" data-end=\"912\">Dise\u00f1o espacioso<\/strong>: el interior grande tiene capacidad para dentaduras postizas completas o parciales, protectores nocturnos o protectores bucales.<\/li>\n<\/ul>\n<h3 data-start=\"69\" data-end=\"96\">Servicios opcionales<\/h3>\n<p data-start=\"98\" data-end=\"192\">\u00bfBusca algo \u00fanico?<br data-start=\"127\" data-end=\"130\">Ofrecemos servicios de personalizaci\u00f3n para ayudarle a destacar:<\/p>\n<ul data-start=\"194\" data-end=\"568\">\n<li data-start=\"194\" data-end=\"381\">\n<p data-start=\"196\" data-end=\"381\"><strong data-start=\"196\" data-end=\"218\">Personalizaci\u00f3n del logotipo<\/strong>: podemos imprimir el logotipo de su empresa en el estuche del retenedor para mejorar la identidad de su marca.<br data-start=\"303\" data-end=\"306\">\u2022 <strong data-start=\"310\" data-end=\"327\">Pedido m\u00ednimo<\/strong>: 100 unidades<br data-start=\"336\" data-end=\"339\">\u2022 <strong data-start=\"343\" data-end=\"357\">Costo adicional<\/strong>: +0,074 USD por pieza<\/p>\n<\/li>\n<li data-start=\"383\" data-end=\"568\">\n<p data-start=\"385\" data-end=\"568\"><strong data-start=\"385\" data-end=\"408\">Personalizaci\u00f3n del color<\/strong>: seleccione entre una amplia gama de colores existentes o solicite un color especial para que coincida con el tema de su marca.<br data-start=\"508\" data-end=\"511\">\u2022 <strong data-start=\"515\" data-end=\"532\">Pedido m\u00ednimo<\/strong>: 5000 unidades<br data-start=\"542\" data-end=\"545\">\u2022 <strong data-start=\"549\" data-end=\"566\">Sin costo adicional<\/strong><\/p>\n<\/li>\n<\/ul>\n<p data-start=\"570\" data-end=\"781\">Ideal para consultorios dentales, centros de atenci\u00f3n para personas mayores o obsequios promocionales, nuestra caja para dentaduras postizas con bandeja de drenaje combina higiene, durabilidad y opciones de personalizaci\u00f3n para que su marca destaque. P\u00f3ngase en contacto con nosotros hoy mismo para hablar sobre su pedido al por mayor. <\/p>\n","protected":false},"excerpt":{"rendered":"<p>Esta caja para dentaduras postizas est\u00e1 hecha de pl\u00e1stico PP (polipropileno), que presenta propiedades de grado alimenticio y ligereza.<\/p>\n<ul>\n<li>Tama\u00f1o: 100 \u00d7 100 \u00d7 70 mm, perfecto para guardar dientes postizos.<\/li>\n<li>MOQ: 100 unidades: pedidos de prueba r\u00e1pidos disponibles para minimizar el riesgo de inventario.<\/li>\n<li>Servicios opcionales: Impresi\u00f3n de logotipos y personalizaci\u00f3n de colores para necesidades personalizadas.<\/li>\n<\/ul>\n<p>Explore m\u00e1s series de cajas para dentaduras postizas: haga clic para obtener informaci\u00f3n sobre los detalles de la venta al por mayor y disfrute de hasta un 15% de descuento.<\/p>\n","protected":false},"featured_media":31222,"comment_status":"open","ping_status":"closed","template":"","meta":[],"product_brand":[],"product_cat":[504],"product_tag":[],"class_list":{"0":"post-31221","1":"product","2":"type-product","3":"status-publish","4":"has-post-thumbnail","6":"product_cat-cajas-para-dentaduras-postizas","8":"first","9":"instock","10":"taxable","11":"shipping-taxable","12":"purchasable","13":"product-type-variable"},"_links":{"self":[{"href":"https:\/\/widioo.com\/es\/wp-json\/wp\/v2\/product\/31221","targetHints":{"allow":["GET"]}}],"collection":[{"href":"https:\/\/widioo.com\/es\/wp-json\/wp\/v2\/product"}],"about":[{"href":"https:\/\/widioo.com\/es\/wp-json\/wp\/v2\/types\/product"}],"replies":[{"embeddable":true,"href":"https:\/\/widioo.com\/es\/wp-json\/wp\/v2\/comments?post=31221"}],"version-history":[{"count":1,"href":"https:\/\/widioo.com\/es\/wp-json\/wp\/v2\/product\/31221\/revisions"}],"predecessor-version":[{"id":31896,"href":"https:\/\/widioo.com\/es\/wp-json\/wp\/v2\/product\/31221\/revisions\/31896"}],"wp:featuredmedia":[{"embeddable":true,"href":"https:\/\/widioo.com\/es\/wp-json\/wp\/v2\/media\/31222"}],"wp:attachment":[{"href":"https:\/\/widioo.com\/es\/wp-json\/wp\/v2\/media?parent=31221"}],"wp:term":[{"taxonomy":"product_brand","embeddable":true,"href":"https:\/\/widioo.com\/es\/wp-json\/wp\/v2\/product_brand?post=31221"},{"taxonomy":"product_cat","embeddable":true,"href":"https:\/\/widioo.com\/es\/wp-json\/wp\/v2\/product_cat?post=31221"},{"taxonomy":"product_tag","embeddable":true,"href":"https:\/\/widioo.com\/es\/wp-json\/wp\/v2\/product_tag?post=31221"}],"curies":[{"name":"wp","href":"https:\/\/api.w.org\/{rel}","templated":true}]}}