{"id":31003,"date":"2025-09-13T06:57:36","date_gmt":"2025-09-13T06:57:36","guid":{"rendered":"https:\/\/widioo.com\/contenedor-para-retenedores-con-superficie-esmerilada-6-colores-caja-para-retenedores-en-pequenos-lotes\/"},"modified":"2025-10-30T03:54:48","modified_gmt":"2025-10-30T03:54:48","slug":"contenedor-para-retenedores-con-superficie-esmerilada-6-colores-caja-para-retenedores-en-pequenos-lotes","status":"publish","type":"product","link":"https:\/\/widioo.com\/es\/contenedor-para-retenedores-con-superficie-esmerilada-6-colores-caja-para-retenedores-en-pequenos-lotes\/","title":{"rendered":"Contenedor para retenedores con superficie esmerilada &#8211; 6 colores | Caja para retenedores en peque\u00f1os lotes"},"content":{"rendered":"<p>Obtenga contenedores para retenedores de primera calidad a precios competitivos al por mayor. Ofrecemos una entrega r\u00e1pida, un env\u00edo fiable y soluciones a medida para compradores al por mayor que buscan asequibilidad y durabilidad. <\/p>\n<h3>Caracter\u00edsticas del contenedor para retenedores<\/h3>\n<ul class=\"a-unordered-list a-vertical a-spacing-mini\">\n<li data-start=\"850\" data-end=\"954\"><strong>Variedad de opciones de color:<\/strong> Viene con 6 opciones de color diferentes para adaptarse a diversas preferencias.<\/li>\n<li data-start=\"850\" data-end=\"954\"><strong>Protecci\u00f3n eficaz:<\/strong> Proporciona una protecci\u00f3n s\u00f3lida para los retenedores, protectores nocturnos y otros protectores bucales, manteni\u00e9ndolos seguros durante el almacenamiento o el viaje.<\/li>\n<li data-start=\"850\" data-end=\"954\"><strong>Acabado de superficie mate:<\/strong> La textura mate antideslizante mejora el agarre, resiste los ara\u00f1azos y le da a la caja del retenedor un aspecto elegante y de primera calidad.<\/li>\n<\/ul>\n<h3 data-start=\"69\" data-end=\"96\">Servicios opcionales<\/h3>\n<p data-start=\"98\" data-end=\"192\">\u00bfBusca algo \u00fanico?<br data-start=\"127\" data-end=\"130\">Ofrecemos servicios de personalizaci\u00f3n para ayudarle a destacar:<\/p>\n<ul data-start=\"194\" data-end=\"568\">\n<li data-start=\"194\" data-end=\"381\">\n<p data-start=\"196\" data-end=\"381\"><strong data-start=\"196\" data-end=\"218\">Personalizaci\u00f3n del logotipo<\/strong>: podemos imprimir el logotipo de su empresa en la caja del retenedor para mejorar la identidad de su marca.<br data-start=\"303\" data-end=\"306\">\u2022 <strong data-start=\"310\" data-end=\"327\">Pedido m\u00ednimo<\/strong>: 100 unidades<br data-start=\"336\" data-end=\"339\">\u2022 <strong data-start=\"343\" data-end=\"357\">Coste adicional<\/strong>: +0,074 USD por unidad<\/p>\n<\/li>\n<li data-start=\"383\" data-end=\"568\">\n<p data-start=\"385\" data-end=\"568\"><strong data-start=\"385\" data-end=\"408\">Personalizaci\u00f3n del color<\/strong>: seleccione entre una amplia gama de colores existentes o solicite un color especial para que coincida con el tema de su marca.<br data-start=\"508\" data-end=\"511\">\u2022 <strong data-start=\"515\" data-end=\"532\">Pedido m\u00ednimo<\/strong>: 5000 unidades<br data-start=\"542\" data-end=\"545\">\u2022 <strong data-start=\"549\" data-end=\"566\">Sin costo adicional<\/strong><\/p>\n<\/li>\n<\/ul>\n<p data-start=\"570\" data-end=\"781\">Desde consultorios dentales hasta tiendas minoristas y eventos promocionales, nuestras opciones de personalizaci\u00f3n ayudan a elevar su marca y crear una impresi\u00f3n de primera calidad. P\u00f3ngase en contacto con nosotros hoy mismo para explorar la personalizaci\u00f3n del logotipo o el color y hacer que sus estuches para retenedores sean exclusivamente suyos. <\/p>\n","protected":false},"excerpt":{"rendered":"<p>Este contenedor para retenedores est\u00e1 hecho de pl\u00e1stico PC (policarbonato), que ofrece resistencia al calor e integridad duradera.<\/p>\n<ul>\n<li>Tama\u00f1o: 80\u00d780\u00d730 mm, perfecto para guardar retenedores y protectores nocturnos.<\/li>\n<li>MOQ: 100 unidades: pedidos de prueba r\u00e1pidos disponibles para minimizar el riesgo de inventario.<\/li>\n<li>Servicios opcionales: Impresi\u00f3n de logotipos y personalizaci\u00f3n de colores para necesidades personalizadas.<\/li>\n<\/ul>\n<p>Explore m\u00e1s series de contenedores para retenedores: haga clic para obtener informaci\u00f3n sobre los detalles de la venta al por mayor y disfrute de hasta un 15% de descuento.<\/p>\n","protected":false},"featured_media":31004,"comment_status":"open","ping_status":"closed","template":"","meta":[],"product_brand":[],"product_cat":[509],"product_tag":[],"class_list":{"0":"post-31003","1":"product","2":"type-product","3":"status-publish","4":"has-post-thumbnail","6":"product_cat-estuches-para-retenedores-de-ortodoncia","8":"first","9":"instock","10":"taxable","11":"shipping-taxable","12":"purchasable","13":"product-type-variable"},"_links":{"self":[{"href":"https:\/\/widioo.com\/es\/wp-json\/wp\/v2\/product\/31003","targetHints":{"allow":["GET"]}}],"collection":[{"href":"https:\/\/widioo.com\/es\/wp-json\/wp\/v2\/product"}],"about":[{"href":"https:\/\/widioo.com\/es\/wp-json\/wp\/v2\/types\/product"}],"replies":[{"embeddable":true,"href":"https:\/\/widioo.com\/es\/wp-json\/wp\/v2\/comments?post=31003"}],"version-history":[{"count":1,"href":"https:\/\/widioo.com\/es\/wp-json\/wp\/v2\/product\/31003\/revisions"}],"predecessor-version":[{"id":31902,"href":"https:\/\/widioo.com\/es\/wp-json\/wp\/v2\/product\/31003\/revisions\/31902"}],"wp:featuredmedia":[{"embeddable":true,"href":"https:\/\/widioo.com\/es\/wp-json\/wp\/v2\/media\/31004"}],"wp:attachment":[{"href":"https:\/\/widioo.com\/es\/wp-json\/wp\/v2\/media?parent=31003"}],"wp:term":[{"taxonomy":"product_brand","embeddable":true,"href":"https:\/\/widioo.com\/es\/wp-json\/wp\/v2\/product_brand?post=31003"},{"taxonomy":"product_cat","embeddable":true,"href":"https:\/\/widioo.com\/es\/wp-json\/wp\/v2\/product_cat?post=31003"},{"taxonomy":"product_tag","embeddable":true,"href":"https:\/\/widioo.com\/es\/wp-json\/wp\/v2\/product_tag?post=31003"}],"curies":[{"name":"wp","href":"https:\/\/api.w.org\/{rel}","templated":true}]}}