{"id":30963,"date":"2025-09-13T07:38:19","date_gmt":"2025-09-13T07:38:19","guid":{"rendered":"https:\/\/widioo.com\/estuche-para-alineadores-con-espejo-y-orificios-de-ventilacion-6-colores-contenedor-de-suministro-comercial-para-retenedores\/"},"modified":"2025-10-30T03:55:00","modified_gmt":"2025-10-30T03:55:00","slug":"estuche-para-alineadores-con-espejo-y-orificios-de-ventilacion-6-colores-contenedor-de-suministro-comercial-para-retenedores","status":"publish","type":"product","link":"https:\/\/widioo.com\/es\/estuche-para-alineadores-con-espejo-y-orificios-de-ventilacion-6-colores-contenedor-de-suministro-comercial-para-retenedores\/","title":{"rendered":"Estuche para alineadores con espejo y orificios de ventilaci\u00f3n &#8211; 6 colores | Contenedor de suministro comercial para retenedores"},"content":{"rendered":"<p>Ofrezca a sus pacientes o clientes una forma m\u00e1s inteligente de guardar sus aparatos dentales con nuestro estuche para alineadores de ABS, que cuenta con un espejo incorporado y una tapa ventilada. Dise\u00f1ado para la higiene, la comodidad y el potencial de marca, este estuche de primera calidad es perfecto para consultorios dentales, minoristas y proveedores de productos promocionales que buscan un producto destacado. <\/p>\n<h3>Caracter\u00edsticas del estuche para alineadores<\/h3>\n<ul class=\"a-unordered-list a-vertical a-spacing-mini\">\n<li data-start=\"539\" data-end=\"665\">\n<p data-start=\"541\" data-end=\"665\"><strong data-start=\"541\" data-end=\"565\">Material ABS duradero<\/strong>: el ABS de alta calidad ofrece una resistencia superior a los impactos y un acabado brillante para una apariencia profesional.<\/p>\n<\/li>\n<li data-start=\"666\" data-end=\"778\">\n<p data-start=\"668\" data-end=\"778\"><strong data-start=\"668\" data-end=\"689\">Espejo integrado<\/strong>: el pr\u00e1ctico espejo incorporado permite comprobar r\u00e1pidamente el ajuste del retenedor o la higiene bucal sobre la marcha.<\/p>\n<\/li>\n<li data-start=\"779\" data-end=\"890\">\n<p data-start=\"781\" data-end=\"890\"><strong data-start=\"781\" data-end=\"799\">Tapa ventilada<\/strong>: los discretos orificios de ventilaci\u00f3n en la parte superior promueven el flujo de aire para mantener los retenedores secos y reducir los olores.<\/p>\n<\/li>\n<li data-start=\"891\" data-end=\"1034\">\n<p data-start=\"893\" data-end=\"1034\"><strong data-start=\"893\" data-end=\"918\">Compacto pero pr\u00e1ctico<\/strong>: cabe f\u00e1cilmente en bolsos o kits de viaje mientras sujeta de forma segura retenedores de ortodoncia, alineadores o protectores nocturnos.<\/p>\n<\/li>\n<li data-start=\"1035\" data-end=\"1145\">\n<p data-start=\"1037\" data-end=\"1145\"><strong data-start=\"1037\" data-end=\"1054\">Multiusos<\/strong>: adecuado para consultorios dentales, pacientes de ortodoncia o como regalo promocional de marca.<\/p>\n<\/li>\n<\/ul>\n<h3 data-start=\"69\" data-end=\"96\">Servicios opcionales<\/h3>\n<p data-start=\"98\" data-end=\"192\">\u00bfBusca algo \u00fanico?<br data-start=\"127\" data-end=\"130\">Ofrecemos servicios de personalizaci\u00f3n para ayudarle a destacar:<\/p>\n<ul data-start=\"194\" data-end=\"568\">\n<li data-start=\"194\" data-end=\"381\">\n<p data-start=\"196\" data-end=\"381\"><strong data-start=\"196\" data-end=\"218\">Personalizaci\u00f3n del logotipo<\/strong>: podemos imprimir el logotipo de su empresa en el contenedor para mejorar la identidad de su marca.<br data-start=\"303\" data-end=\"306\">\u2022 <strong data-start=\"310\" data-end=\"327\">Pedido m\u00ednimo<\/strong>: 100 unidades<br data-start=\"336\" data-end=\"339\">\u2022 <strong data-start=\"343\" data-end=\"357\">Costo adicional<\/strong>: +0,074 USD por unidad<\/p>\n<\/li>\n<li data-start=\"383\" data-end=\"568\">\n<p data-start=\"385\" data-end=\"568\"><strong data-start=\"385\" data-end=\"408\">Personalizaci\u00f3n del color<\/strong>: seleccione entre una amplia gama de colores existentes o solicite un color especial para que coincida con el tema de su marca.<br data-start=\"508\" data-end=\"511\">\u2022 <strong data-start=\"515\" data-end=\"532\">Pedido m\u00ednimo<\/strong>: 5000 unidades<br data-start=\"542\" data-end=\"545\">\u2022 <strong data-start=\"549\" data-end=\"566\">Sin costo adicional<\/strong><\/p>\n<\/li>\n<\/ul>\n<p data-start=\"570\" data-end=\"781\">Desde consultorios dentales hasta tiendas minoristas y eventos promocionales, nuestras opciones de personalizaci\u00f3n ayudan a elevar su marca y crear una impresi\u00f3n de primera calidad. P\u00f3ngase en contacto con nosotros hoy mismo para explorar la personalizaci\u00f3n del logotipo o el color y hacer que sus estuches para retenedores sean exclusivamente suyos. <\/p>\n","protected":false},"excerpt":{"rendered":"<p>Este estuche para alineadores est\u00e1 hecho de pl\u00e1stico ABS (acrilonitrilo butadieno estireno), que ofrece resistencia a los impactos y una gran integridad estructural.<\/p>\n<ul>\n<li>Tama\u00f1o: 90\u00d790\u00d730 mm, perfecto para guardar retenedores, protectores nocturnos y otros protectores bucales.<\/li>\n<li>MOQ: 100 unidades: pedidos de prueba r\u00e1pidos disponibles para minimizar el riesgo de inventario.<\/li>\n<li>Servicios opcionales: Impresi\u00f3n de logotipos y personalizaci\u00f3n de colores para necesidades personalizadas.<\/li>\n<\/ul>\n<p>Explore m\u00e1s series de estuches para alineadores: haga clic para obtener informaci\u00f3n sobre los detalles de la venta al por mayor y disfrute de hasta un 15% de descuento.<\/p>\n","protected":false},"featured_media":30964,"comment_status":"open","ping_status":"closed","template":"","meta":[],"product_brand":[],"product_cat":[509],"product_tag":[],"class_list":{"0":"post-30963","1":"product","2":"type-product","3":"status-publish","4":"has-post-thumbnail","6":"product_cat-estuches-para-retenedores-de-ortodoncia","8":"first","9":"instock","10":"taxable","11":"shipping-taxable","12":"purchasable","13":"product-type-variable"},"_links":{"self":[{"href":"https:\/\/widioo.com\/es\/wp-json\/wp\/v2\/product\/30963","targetHints":{"allow":["GET"]}}],"collection":[{"href":"https:\/\/widioo.com\/es\/wp-json\/wp\/v2\/product"}],"about":[{"href":"https:\/\/widioo.com\/es\/wp-json\/wp\/v2\/types\/product"}],"replies":[{"embeddable":true,"href":"https:\/\/widioo.com\/es\/wp-json\/wp\/v2\/comments?post=30963"}],"version-history":[{"count":1,"href":"https:\/\/widioo.com\/es\/wp-json\/wp\/v2\/product\/30963\/revisions"}],"predecessor-version":[{"id":31911,"href":"https:\/\/widioo.com\/es\/wp-json\/wp\/v2\/product\/30963\/revisions\/31911"}],"wp:featuredmedia":[{"embeddable":true,"href":"https:\/\/widioo.com\/es\/wp-json\/wp\/v2\/media\/30964"}],"wp:attachment":[{"href":"https:\/\/widioo.com\/es\/wp-json\/wp\/v2\/media?parent=30963"}],"wp:term":[{"taxonomy":"product_brand","embeddable":true,"href":"https:\/\/widioo.com\/es\/wp-json\/wp\/v2\/product_brand?post=30963"},{"taxonomy":"product_cat","embeddable":true,"href":"https:\/\/widioo.com\/es\/wp-json\/wp\/v2\/product_cat?post=30963"},{"taxonomy":"product_tag","embeddable":true,"href":"https:\/\/widioo.com\/es\/wp-json\/wp\/v2\/product_tag?post=30963"}],"curies":[{"name":"wp","href":"https:\/\/api.w.org\/{rel}","templated":true}]}}