{"id":30895,"date":"2025-09-13T11:59:30","date_gmt":"2025-09-13T11:59:30","guid":{"rendered":"https:\/\/widioo.com\/vaso-para-dentaduras-postizas-con-tapa-y-bandeja-de-drenaje-4-colores-estuche-para-protesis-dentales-en-pequenos-lotes\/"},"modified":"2025-10-30T03:55:09","modified_gmt":"2025-10-30T03:55:09","slug":"vaso-para-dentaduras-postizas-con-tapa-y-bandeja-de-drenaje-4-colores-estuche-para-protesis-dentales-en-pequenos-lotes","status":"publish","type":"product","link":"https:\/\/widioo.com\/es\/vaso-para-dentaduras-postizas-con-tapa-y-bandeja-de-drenaje-4-colores-estuche-para-protesis-dentales-en-pequenos-lotes\/","title":{"rendered":"Vaso para dentaduras postizas con tapa y bandeja de drenaje &#8211; 4 colores | Estuche para pr\u00f3tesis dentales en peque\u00f1os lotes"},"content":{"rendered":"<p>Nuestro vaso premium para dentaduras postizas ayuda a mantener un alto nivel de higiene de las dentaduras postizas al proporcionar un espacio de almacenamiento limpio para sus dentaduras postizas o dientes postizos, retenedores o protectores bucales deportivos o atl\u00e9ticos. Nuestro resistente estuche para dentaduras postizas tambi\u00e9n facilita el transporte de las dentaduras postizas a cualquier lugar y evita da\u00f1os por manipulaci\u00f3n accidental. <\/p>\n<h3>Caracter\u00edsticas del vaso para dentaduras postizas<\/h3>\n<ul class=\"a-unordered-list a-vertical a-spacing-mini\">\n<li data-start=\"850\" data-end=\"954\"><strong>Construcci\u00f3n de PP resistente a los impactos:<\/strong> Fabricado con polipropileno de primera calidad para una resistencia a prueba de roturas y una portabilidad ligera.<\/li>\n<li data-start=\"850\" data-end=\"954\"><strong>Cesta de drenaje integrada:<\/strong> La cesta interior extra\u00edble permite que el exceso de agua se drene despu\u00e9s de la limpieza, lo que favorece la circulaci\u00f3n del aire para mantener las dentaduras postizas sin olor y resistentes al moho.<\/li>\n<\/ul>\n<h3 data-start=\"69\" data-end=\"96\">Servicios opcionales<\/h3>\n<p data-start=\"98\" data-end=\"192\">\u00bfBusca algo \u00fanico?<br data-start=\"127\" data-end=\"130\">Ofrecemos servicios de personalizaci\u00f3n para ayudarle a destacar:<\/p>\n<ul data-start=\"194\" data-end=\"568\">\n<li data-start=\"194\" data-end=\"381\">\n<p data-start=\"196\" data-end=\"381\"><strong data-start=\"196\" data-end=\"218\">Personalizaci\u00f3n del logotipo<\/strong>: podemos imprimir el logotipo de su empresa en el estuche para pr\u00f3tesis dentales para mejorar la identidad de su marca.<br data-start=\"303\" data-end=\"306\">\u2022 <strong data-start=\"310\" data-end=\"327\">Pedido m\u00ednimo<\/strong>: 100 unidades<br data-start=\"336\" data-end=\"339\">\u2022 <strong data-start=\"343\" data-end=\"357\">Coste adicional<\/strong>: +0,074 USD por unidad<\/p>\n<\/li>\n<li data-start=\"383\" data-end=\"568\">\n<p data-start=\"385\" data-end=\"568\"><strong data-start=\"385\" data-end=\"408\">Personalizaci\u00f3n del color<\/strong>: seleccione entre una amplia gama de colores existentes o solicite un color especial para que coincida con el tema de su marca.<br data-start=\"508\" data-end=\"511\">\u2022 <strong data-start=\"515\" data-end=\"532\">Pedido m\u00ednimo<\/strong>: 5000 unidades<br data-start=\"542\" data-end=\"545\">\u2022 <strong data-start=\"549\" data-end=\"566\">Sin costo adicional<\/strong><\/p>\n<\/li>\n<\/ul>\n<p data-start=\"570\" data-end=\"781\">Desde consultorios dentales hasta tiendas minoristas y eventos promocionales, nuestras opciones de personalizaci\u00f3n ayudan a elevar su marca y crear una impresi\u00f3n de primera calidad. P\u00f3ngase en contacto con nosotros hoy mismo para explorar la personalizaci\u00f3n del logotipo o del color y hacer que su caja para dentaduras postizas sea exclusivamente suya. <\/p>\n","protected":false},"excerpt":{"rendered":"<p>Este vaso para dentaduras postizas est\u00e1 hecho de pl\u00e1stico PP (polipropileno), que presenta propiedades duraderas y resistentes a los productos qu\u00edmicos.<\/p>\n<ul>\n<li>Tama\u00f1o: 85\u00d780\u00d780 mm, perfecto para guardar dientes postizos.<\/li>\n<li>MOQ: 100 unidades: pedidos de prueba r\u00e1pidos disponibles para minimizar el riesgo de inventario.<\/li>\n<li>Servicios opcionales: Impresi\u00f3n de logotipos y personalizaci\u00f3n de colores para necesidades personalizadas.<\/li>\n<\/ul>\n<p>Explore m\u00e1s series de vasos para dentaduras postizas: haga clic para obtener informaci\u00f3n sobre los detalles de la venta al por mayor y disfrute de hasta un 15% de descuento.<\/p>\n","protected":false},"featured_media":30902,"comment_status":"open","ping_status":"closed","template":"","meta":[],"product_brand":[],"product_cat":[504],"product_tag":[],"class_list":{"0":"post-30895","1":"product","2":"type-product","3":"status-publish","4":"has-post-thumbnail","6":"product_cat-cajas-para-dentaduras-postizas","8":"first","9":"instock","10":"taxable","11":"shipping-taxable","12":"purchasable","13":"product-type-variable"},"_links":{"self":[{"href":"https:\/\/widioo.com\/es\/wp-json\/wp\/v2\/product\/30895","targetHints":{"allow":["GET"]}}],"collection":[{"href":"https:\/\/widioo.com\/es\/wp-json\/wp\/v2\/product"}],"about":[{"href":"https:\/\/widioo.com\/es\/wp-json\/wp\/v2\/types\/product"}],"replies":[{"embeddable":true,"href":"https:\/\/widioo.com\/es\/wp-json\/wp\/v2\/comments?post=30895"}],"version-history":[{"count":1,"href":"https:\/\/widioo.com\/es\/wp-json\/wp\/v2\/product\/30895\/revisions"}],"predecessor-version":[{"id":31894,"href":"https:\/\/widioo.com\/es\/wp-json\/wp\/v2\/product\/30895\/revisions\/31894"}],"wp:featuredmedia":[{"embeddable":true,"href":"https:\/\/widioo.com\/es\/wp-json\/wp\/v2\/media\/30902"}],"wp:attachment":[{"href":"https:\/\/widioo.com\/es\/wp-json\/wp\/v2\/media?parent=30895"}],"wp:term":[{"taxonomy":"product_brand","embeddable":true,"href":"https:\/\/widioo.com\/es\/wp-json\/wp\/v2\/product_brand?post=30895"},{"taxonomy":"product_cat","embeddable":true,"href":"https:\/\/widioo.com\/es\/wp-json\/wp\/v2\/product_cat?post=30895"},{"taxonomy":"product_tag","embeddable":true,"href":"https:\/\/widioo.com\/es\/wp-json\/wp\/v2\/product_tag?post=30895"}],"curies":[{"name":"wp","href":"https:\/\/api.w.org\/{rel}","templated":true}]}}