{"id":30602,"date":"2022-09-07T13:51:58","date_gmt":"2022-09-07T13:51:58","guid":{"rendered":"https:\/\/widioo.com\/comparar\/"},"modified":"2025-10-30T04:10:50","modified_gmt":"2025-10-30T04:10:50","slug":"comparar","status":"publish","type":"page","link":"https:\/\/widioo.com\/es\/comparar\/","title":{"rendered":"Comparar"},"content":{"rendered":"\t\t<div data-elementor-type=\"wp-page\" data-elementor-id=\"30602\" class=\"elementor elementor-30602 elementor-29357\">\n\t\t\t\t\t\t<section class=\"wd-negative-gap elementor-section elementor-top-section elementor-element elementor-element-4da47f8 elementor-section-boxed elementor-section-height-default elementor-section-height-default\" data-id=\"4da47f8\" data-element_type=\"section\" data-e-type=\"section\">\n\t\t\t\t\t\t<div class=\"elementor-container elementor-column-gap-default\">\n\t\t\t\t\t<div class=\"elementor-column elementor-col-100 elementor-top-column elementor-element elementor-element-51f97bfc\" data-id=\"51f97bfc\" data-element_type=\"column\" data-e-type=\"column\">\n\t\t\t<div class=\"elementor-widget-wrap elementor-element-populated\">\n\t\t\t\t\t\t<div class=\"elementor-element elementor-element-6b8678c9 color-scheme-inherit text-left elementor-widget elementor-widget-text-editor\" data-id=\"6b8678c9\" data-element_type=\"widget\" data-e-type=\"widget\" data-widget_type=\"text-editor.default\">\n\t\t\t\t\t\t\t\t\t\n\t\t<div class=\"wd-empty-block wd-empty-compare\">\n\t\t\t<h2 class=\"wd-empty-block-title\">\n\t\t\t\tLa lista de comparaci\u00f3n est\u00e1 vac\u00eda.\t\t\t<\/h2>\n\t\t\t\t\t\t\t<p class=\"wd-empty-block-text\">\n\t\t\t\t\tNo se han a\u00f1adido productos a la lista de comparaci\u00f3n. Debes a\u00f1adir algunos productos para poder compararlos. Encontrar\u00e1s muchos productos interesantes en nuestra p\u00e1gina de \u00abTienda\u00bb.\t\t\t\t<\/p>\n\t\t\t\t\t\t<a class=\"button btn btn-accent wd-empty-block-btn\" href=\"https:\/\/widioo.com\/es\/tienda\/\">\n\t\t\t\tVolver a la tienda\t\t\t<\/a>\n\t\t<\/div>\n\t\t\n\t\t\t\t\t\t\t\t<\/div>\n\t\t\t\t\t<\/div>\n\t\t<\/div>\n\t\t\t\t\t<\/div>\n\t\t<\/section>\n\t\t\t\t<\/div>\n\t\t","protected":false},"excerpt":{"rendered":"","protected":false},"author":1,"featured_media":0,"parent":0,"menu_order":0,"comment_status":"closed","ping_status":"closed","template":"","meta":{"footnotes":""},"class_list":["post-30602","page","type-page","status-publish","hentry"],"_links":{"self":[{"href":"https:\/\/widioo.com\/es\/wp-json\/wp\/v2\/pages\/30602","targetHints":{"allow":["GET"]}}],"collection":[{"href":"https:\/\/widioo.com\/es\/wp-json\/wp\/v2\/pages"}],"about":[{"href":"https:\/\/widioo.com\/es\/wp-json\/wp\/v2\/types\/page"}],"author":[{"embeddable":true,"href":"https:\/\/widioo.com\/es\/wp-json\/wp\/v2\/users\/1"}],"replies":[{"embeddable":true,"href":"https:\/\/widioo.com\/es\/wp-json\/wp\/v2\/comments?post=30602"}],"version-history":[{"count":3,"href":"https:\/\/widioo.com\/es\/wp-json\/wp\/v2\/pages\/30602\/revisions"}],"predecessor-version":[{"id":30605,"href":"https:\/\/widioo.com\/es\/wp-json\/wp\/v2\/pages\/30602\/revisions\/30605"}],"wp:attachment":[{"href":"https:\/\/widioo.com\/es\/wp-json\/wp\/v2\/media?parent=30602"}],"curies":[{"name":"wp","href":"https:\/\/api.w.org\/{rel}","templated":true}]}}